{"id":632,"date":"2026-01-24T17:17:49","date_gmt":"2026-01-24T15:17:49","guid":{"rendered":"https:\/\/linnanjarvi.fi\/?page_id=632"},"modified":"2026-03-07T16:37:53","modified_gmt":"2026-03-07T14:37:53","slug":"home-2","status":"publish","type":"page","link":"https:\/\/linnanjarvi.fi\/?page_id=632","title":{"rendered":"Lakipalvelut"},"content":{"rendered":"\n<style type=\"text\/css\" data-created_by=\"avia_inline_auto\" id=\"style-css-av-dbfgfq-1a7198f0f60807b9573c7d573b40349f\">\n.avia-section.av-dbfgfq-1a7198f0f60807b9573c7d573b40349f{\nbackground-color:#ffffff;\nbackground-image:url(https:\/\/linnanjarvi.fi\/wp-content\/uploads\/2026\/03\/lakitausta.jpg);\nbackground-repeat:no-repeat;\nbackground-position:0% 0%;\nbackground-attachment:fixed;\n}\n.avia-section.av-dbfgfq-1a7198f0f60807b9573c7d573b40349f .av-extra-border-element .av-extra-border-inner{\nbackground-color:#f8f8f8;\n}\n<\/style>\n<div id='av_section_1'  class='avia-section av-dbfgfq-1a7198f0f60807b9573c7d573b40349f main_color avia-section-large avia-no-border-styling  avia-builder-el-0  el_before_av_section  avia-builder-el-first  avia-full-stretch avia-bg-style-fixed container_wrap fullsize'  data-section-bg-repeat='stretch'><div class='container av-section-cont-open' ><main  role=\"main\" itemprop=\"mainContentOfPage\"  class='template-page content  av-content-full alpha units'><div class='post-entry post-entry-type-page post-entry-632'><div class='entry-content-wrapper clearfix'>\n\n<style type=\"text\/css\" data-created_by=\"avia_inline_auto\" id=\"style-css-av-d3kd2u-1ba5cbc23513a83266a0e01fd04abea6\">\n.flex_column.av-d3kd2u-1ba5cbc23513a83266a0e01fd04abea6{\nborder-radius:0px 0px 0px 0px;\npadding:20px 20px 20px 20px;\n}\n<\/style>\n<div  class='flex_column av-d3kd2u-1ba5cbc23513a83266a0e01fd04abea6 av_one_fifth  avia-builder-el-1  el_before_av_three_fifth  avia-builder-el-first  first flex_column_div av-animated-generic right-to-left  '     ><\/div>\n<style type=\"text\/css\" data-created_by=\"avia_inline_auto\" id=\"style-css-av-cxkf5q-8cd7c05ebd748cef2468940fb29b5d30\">\n.flex_column.av-cxkf5q-8cd7c05ebd748cef2468940fb29b5d30{\nborder-radius:0px 0px 0px 0px;\npadding:20px 20px 20px 20px;\n}\n<\/style>\n<div  class='flex_column av-cxkf5q-8cd7c05ebd748cef2468940fb29b5d30 av_three_fifth  avia-builder-el-2  el_after_av_one_fifth  el_before_av_one_fifth  flex_column_div av-animated-generic top-to-bottom  '     ><p>\n<style type=\"text\/css\" data-created_by=\"avia_inline_auto\" id=\"style-css-av-csfzhy-2b5971d6ae00bd777d7270a3ad460d57\">\n#top .av-special-heading.av-csfzhy-2b5971d6ae00bd777d7270a3ad460d57{\npadding-bottom:0;\nfont-size:65px;\n}\nbody .av-special-heading.av-csfzhy-2b5971d6ae00bd777d7270a3ad460d57 .av-special-heading-tag .heading-char{\nfont-size:25px;\n}\n#top #wrap_all .av-special-heading.av-csfzhy-2b5971d6ae00bd777d7270a3ad460d57 .av-special-heading-tag{\nfont-size:65px;\n}\n.av-special-heading.av-csfzhy-2b5971d6ae00bd777d7270a3ad460d57 .av-subheading{\nfont-size:15px;\n}\n\n@media only screen and (min-width: 480px) and (max-width: 767px){ \n#top #wrap_all .av-special-heading.av-csfzhy-2b5971d6ae00bd777d7270a3ad460d57 .av-special-heading-tag{\nfont-size:0.8em;\n}\n}\n\n@media only screen and (max-width: 479px){ \n#top #wrap_all .av-special-heading.av-csfzhy-2b5971d6ae00bd777d7270a3ad460d57 .av-special-heading-tag{\nfont-size:0.8em;\n}\n}\n<\/style>\n<div  class='av-special-heading av-csfzhy-2b5971d6ae00bd777d7270a3ad460d57 av-special-heading-h3 blockquote modern-quote modern-centered  avia-builder-el-3  el_before_av_hr  avia-builder-el-first  av-inherit-size'><h3 class='av-special-heading-tag '  itemprop=\"headline\"  >Lakipalvelut<\/h3><div class=\"special-heading-border\"><div class=\"special-heading-inner-border\"><\/div><\/div><\/div><br \/>\n\n<style type=\"text\/css\" data-created_by=\"avia_inline_auto\" id=\"style-css-av-cof1wm-9ac7f9ac2629121424b84215e2d8a7ba\">\n#top .hr.av-cof1wm-9ac7f9ac2629121424b84215e2d8a7ba{\nmargin-top:30px;\nmargin-bottom:30px;\n}\n.hr.av-cof1wm-9ac7f9ac2629121424b84215e2d8a7ba .hr-inner{\nwidth:50px;\nborder-color:#000000;\n}\n<\/style>\n<div  class='hr av-cof1wm-9ac7f9ac2629121424b84215e2d8a7ba hr-custom  avia-builder-el-4  el_after_av_heading  el_before_av_textblock  hr-center hr-icon-no'><span class='hr-inner inner-border-av-border-thin'><span class=\"hr-inner-style\"><\/span><\/span><\/div><br \/>\n\n<style type=\"text\/css\" data-created_by=\"avia_inline_auto\" id=\"style-css-av-cgf792-c09fd84fa88e61c5541530da09c66442\">\n#top .av_textblock_section.av-cgf792-c09fd84fa88e61c5541530da09c66442 .avia_textblock{\nfont-size:22px;\n}\n<\/style>\n<section  class='av_textblock_section av-cgf792-c09fd84fa88e61c5541530da09c66442 '   itemscope=\"itemscope\" itemtype=\"https:\/\/schema.org\/CreativeWork\" ><div class='avia_textblock'  itemprop=\"text\" ><p style=\"text-align: center;\">Juristin palveluiden k\u00e4ytt\u00e4minen taloyhti\u00f6ss\u00e4mme harvoin tarkoittaa riitely\u00e4 ja kyse on pikemminkin pelis\u00e4\u00e4nt\u00f6jen luomisesta sek\u00e4 p\u00e4\u00e4t\u00f6ksist\u00e4, jotka kest\u00e4v\u00e4t p\u00e4iv\u00e4nvaloa. Mielest\u00e4mme on parempi ennakoida kuin setvi\u00e4 asioita j\u00e4lkik\u00e4teen. T\u00e4st\u00e4 syyst\u00e4 pyrimme erityisesti panostamaan selke\u00e4\u00e4n viestint\u00e4\u00e4n ja l\u00e4pin\u00e4kyv\u00e4\u00e4n p\u00e4\u00e4t\u00f6ksentekoon.<\/p>\n<\/div><\/section><br \/>\n\n<style type=\"text\/css\" data-created_by=\"avia_inline_auto\" id=\"style-css-av-ccyha6-9a5c93a9772ccc49643a4a3c78056e9b\">\n#top .hr.hr-invisible.av-ccyha6-9a5c93a9772ccc49643a4a3c78056e9b{\nheight:120px;\n}\n<\/style>\n<div  class='hr av-ccyha6-9a5c93a9772ccc49643a4a3c78056e9b hr-invisible  avia-builder-el-6  el_after_av_textblock  avia-builder-el-last '><span class='hr-inner '><span class=\"hr-inner-style\"><\/span><\/span><\/div><\/p><\/div>\n<style type=\"text\/css\" data-created_by=\"avia_inline_auto\" id=\"style-css-av-c6xq1i-6fe15beb1bbb578bba22f067ad8be1a7\">\n.flex_column.av-c6xq1i-6fe15beb1bbb578bba22f067ad8be1a7{\nborder-radius:0px 0px 0px 0px;\npadding:20px 20px 20px 20px;\n}\n<\/style>\n<div  class='flex_column av-c6xq1i-6fe15beb1bbb578bba22f067ad8be1a7 av_one_fifth  avia-builder-el-7  el_after_av_three_fifth  avia-builder-el-last  flex_column_div av-animated-generic right-to-left  '     ><\/div>\n\n<\/div><\/div><\/main><!-- close content main element --><\/div><div class='av-extra-border-element border-extra-diagonal  diagonal-box-shadow'><div class='av-extra-border-outer'><div class='av-extra-border-inner'><\/div><\/div><\/div><\/div>\n<style type=\"text\/css\" data-created_by=\"avia_inline_auto\" id=\"style-css-av-c27v2m-c992505af944e515b6584bd4d9ab1d28\">\n.avia-section.av-c27v2m-c992505af944e515b6584bd4d9ab1d28{\nbackground-color:#f8f8f8;\nbackground-image:url(https:\/\/linnanjarvi.fi\/wp-content\/uploads\/2026\/01\/Pykala.png);\nbackground-repeat:no-repeat;\nbackground-position:100% 50%;\nbackground-attachment:scroll;\n}\n.avia-section.av-c27v2m-c992505af944e515b6584bd4d9ab1d28 .av-extra-border-element .av-extra-border-inner{\nbackground-color:#ffffff;\n}\n<\/style>\n<div id='service'  class='avia-section av-c27v2m-c992505af944e515b6584bd4d9ab1d28 main_color avia-section-large avia-no-border-styling  avia-builder-el-8  el_after_av_section  avia-builder-el-last  avia-full-contain avia-bg-style-scroll container_wrap fullsize'  data-section-bg-repeat='contain'><div class='container av-section-cont-open' ><div class='template-page content  av-content-full alpha units'><div class='post-entry post-entry-type-page post-entry-632'><div class='entry-content-wrapper clearfix'>\n\n<style type=\"text\/css\" data-created_by=\"avia_inline_auto\" id=\"style-css-av-16u2ti-7be41231565974b5b11aee688973bf34\">\n.flex_column.av-16u2ti-7be41231565974b5b11aee688973bf34{\nborder-radius:0px 0px 0px 0px;\npadding:0px 0px 0px 0px;\n}\n<\/style>\n<div  class='flex_column av-16u2ti-7be41231565974b5b11aee688973bf34 av_two_third  avia-builder-el-9  el_before_av_one_third  avia-builder-el-first  first flex_column_div av-animated-generic right-to-left av-zero-column-padding  '     ><section  class='av_textblock_section av-bdkmhi-c30e2474036a2c47714efed7d1fd6fa9 '   itemscope=\"itemscope\" itemtype=\"https:\/\/schema.org\/CreativeWork\" ><div class='avia_textblock'  itemprop=\"text\" ><h1>Juristimme<\/h1>\n<p>hoitaa taloyhti\u00f6iden vaativampia hallinnollisia ja oikeudellista asiantuntemusta edellytt\u00e4vi\u00e4 teht\u00e4vi\u00e4. Avustamme taloyhti\u00f6t\u00e4nne muun muassa seuraavanlaisissa teht\u00e4viss\u00e4:<\/p>\n<ul>\n<li>Asunto-osakeyhti\u00f6lain tulkinta ja muut kimurantit kysymykset<\/li>\n<li>Taloyhti\u00f6n yhteisten pelis\u00e4\u00e4nt\u00f6jen ja ohjeiden laatiminen kuten j\u00e4rjestyss\u00e4\u00e4nn\u00f6t ja \u00a0muutosty\u00f6ohjeet<\/li>\n<li>Vastikesaatavien oikeudellinen perint\u00e4<\/li>\n<li>Varoitukset ja huoneiston hallintaanottamiseen liittyv\u00e4 menettely<\/li>\n<li>Taloyhti\u00f6t\u00e4 koskevien sopimusten laatiminen, sopimusten tulkinta ja sopimusriitojen hoitaminen<\/li>\n<li>Yhti\u00f6j\u00e4rjestyksen muuttaminen ja siihen liittyvien asiakirjojen laadinta siten, ett\u00e4 muutosesityksen k\u00e4sittely yhti\u00f6kokouksessa on helppoa ja sujuvaa<\/li>\n<li>Tupakointikiellon hakemiseen liittyv\u00e4 menettely ja asiakirjojen laatiminen<\/li>\n<li>Erilaiset hallinnolliset selvitykset kuten s\u00e4hk\u00f6autojen latauspisteiden asentaminen taloyhti\u00f6ss\u00e4: p\u00e4\u00e4t\u00f6ksentekomenettely, kulujen kohdentuminen, kapasiteetin jakaminen ja lis\u00e4\u00e4minen sek\u00e4 tarvittavat osakassopimukset.<\/li>\n<li>Osakekirjan kuolettaminen<\/li>\n<\/ul>\n<\/div><\/section><\/div>\n<style type=\"text\/css\" data-created_by=\"avia_inline_auto\" id=\"style-css-av-11ycfi-7a1f3c7b9fd1738a6cc11895844055c0\">\n.flex_column.av-11ycfi-7a1f3c7b9fd1738a6cc11895844055c0{\nborder-radius:0px 0px 0px 0px;\npadding:0px 0px 0px 0px;\n}\n<\/style>\n<div  class='flex_column av-11ycfi-7a1f3c7b9fd1738a6cc11895844055c0 av_one_third  avia-builder-el-11  el_after_av_two_third  avia-builder-el-last  flex_column_div av-animated-generic right-to-left av-zero-column-padding  '     ><\/div>\n","protected":false},"excerpt":{"rendered":"","protected":false},"author":2,"featured_media":0,"parent":0,"menu_order":0,"comment_status":"open","ping_status":"closed","template":"","meta":{"footnotes":""},"class_list":["post-632","page","type-page","status-publish","hentry"],"_links":{"self":[{"href":"https:\/\/linnanjarvi.fi\/index.php?rest_route=\/wp\/v2\/pages\/632","targetHints":{"allow":["GET"]}}],"collection":[{"href":"https:\/\/linnanjarvi.fi\/index.php?rest_route=\/wp\/v2\/pages"}],"about":[{"href":"https:\/\/linnanjarvi.fi\/index.php?rest_route=\/wp\/v2\/types\/page"}],"author":[{"embeddable":true,"href":"https:\/\/linnanjarvi.fi\/index.php?rest_route=\/wp\/v2\/users\/2"}],"replies":[{"embeddable":true,"href":"https:\/\/linnanjarvi.fi\/index.php?rest_route=%2Fwp%2Fv2%2Fcomments&post=632"}],"version-history":[{"count":25,"href":"https:\/\/linnanjarvi.fi\/index.php?rest_route=\/wp\/v2\/pages\/632\/revisions"}],"predecessor-version":[{"id":1068,"href":"https:\/\/linnanjarvi.fi\/index.php?rest_route=\/wp\/v2\/pages\/632\/revisions\/1068"}],"wp:attachment":[{"href":"https:\/\/linnanjarvi.fi\/index.php?rest_route=%2Fwp%2Fv2%2Fmedia&parent=632"}],"curies":[{"name":"wp","href":"https:\/\/api.w.org\/{rel}","templated":true}]}}