{"id":646,"date":"2026-01-24T17:38:21","date_gmt":"2026-01-24T15:38:21","guid":{"rendered":"https:\/\/linnanjarvi.fi\/?page_id=646"},"modified":"2026-03-01T18:16:55","modified_gmt":"2026-03-01T16:16:55","slug":"home-2-2","status":"publish","type":"page","link":"https:\/\/linnanjarvi.fi\/?page_id=646","title":{"rendered":"Remontit ja muutosty\u00f6t"},"content":{"rendered":"\n<style type=\"text\/css\" data-created_by=\"avia_inline_auto\" id=\"style-css-av-dbfgfq-f3b7edcde049b0f34e7ceab2dfee30b9\">\n.avia-section.av-dbfgfq-f3b7edcde049b0f34e7ceab2dfee30b9{\nbackground-color:#ffffff;\nbackground-image:url(https:\/\/linnanjarvi.fi\/wp-content\/uploads\/2026\/01\/Remonttikuva-300x200.jpg);\nbackground-repeat:no-repeat;\nbackground-position:0% 0%;\nbackground-attachment:fixed;\n}\n.avia-section.av-dbfgfq-f3b7edcde049b0f34e7ceab2dfee30b9 .av-extra-border-element .av-extra-border-inner{\nbackground-color:#f8f8f8;\n}\n<\/style>\n<div id='av_section_1'  class='avia-section av-dbfgfq-f3b7edcde049b0f34e7ceab2dfee30b9 main_color avia-section-large avia-no-border-styling  avia-builder-el-0  el_before_av_section  avia-builder-el-first  avia-full-stretch avia-bg-style-fixed container_wrap fullsize'  data-section-bg-repeat='stretch'><div class=\"av-section-color-overlay-wrap\"><a href='#next-section' title='' class='scroll-down-link  avia-svg-icon avia-font-svg_entypo-fontello' data-av_svg_icon='down-open-mini' data-av_iconset='svg_entypo-fontello'><svg version=\"1.1\" xmlns=\"http:\/\/www.w3.org\/2000\/svg\" width=\"15\" height=\"32\" viewBox=\"0 0 15 32\" preserveAspectRatio=\"xMidYMid meet\" aria-labelledby='av-svg-title-1' aria-describedby='av-svg-desc-1' role=\"graphics-symbol\" aria-hidden=\"true\">\n<title id='av-svg-title-1'>Scroll to next section<\/title>\n<desc id='av-svg-desc-1'>Scroll to next section<\/desc>\n<path d=\"M12.96 12.16q0.704-0.832 1.536 0 0.832 0.704 0 1.536l-6.272 6.144q-0.704 0.704-1.536 0l-6.272-6.144q-0.832-0.832 0-1.536 0.768-0.768 1.6 0l5.44 4.992z\"><\/path>\n<\/svg><\/a><div class='container av-section-cont-open' ><main  role=\"main\" itemprop=\"mainContentOfPage\"  class='template-page content  av-content-full alpha units'><div class='post-entry post-entry-type-page post-entry-646'><div class='entry-content-wrapper clearfix'>\n\n<style type=\"text\/css\" data-created_by=\"avia_inline_auto\" id=\"style-css-av-d3kd2u-1ba5cbc23513a83266a0e01fd04abea6\">\n.flex_column.av-d3kd2u-1ba5cbc23513a83266a0e01fd04abea6{\nborder-radius:0px 0px 0px 0px;\npadding:20px 20px 20px 20px;\n}\n<\/style>\n<div  class='flex_column av-d3kd2u-1ba5cbc23513a83266a0e01fd04abea6 av_one_fifth  avia-builder-el-1  el_before_av_three_fifth  avia-builder-el-first  first flex_column_div av-animated-generic right-to-left  '     ><\/div>\n<style type=\"text\/css\" data-created_by=\"avia_inline_auto\" id=\"style-css-av-cxkf5q-8cd7c05ebd748cef2468940fb29b5d30\">\n.flex_column.av-cxkf5q-8cd7c05ebd748cef2468940fb29b5d30{\nborder-radius:0px 0px 0px 0px;\npadding:20px 20px 20px 20px;\n}\n<\/style>\n<div  class='flex_column av-cxkf5q-8cd7c05ebd748cef2468940fb29b5d30 av_three_fifth  avia-builder-el-2  el_after_av_one_fifth  el_before_av_one_fifth  flex_column_div av-animated-generic top-to-bottom  '     ><p>\n<style type=\"text\/css\" data-created_by=\"avia_inline_auto\" id=\"style-css-av-csfzhy-fc799d16afe1f2f66ece2327f6cedbc3\">\n#top .av-special-heading.av-csfzhy-fc799d16afe1f2f66ece2327f6cedbc3{\npadding-bottom:0;\nfont-size:65px;\n}\nbody .av-special-heading.av-csfzhy-fc799d16afe1f2f66ece2327f6cedbc3 .av-special-heading-tag .heading-char{\nfont-size:25px;\n}\n#top #wrap_all .av-special-heading.av-csfzhy-fc799d16afe1f2f66ece2327f6cedbc3 .av-special-heading-tag{\nfont-size:65px;\n}\n.av-special-heading.av-csfzhy-fc799d16afe1f2f66ece2327f6cedbc3 .av-subheading{\nfont-size:15px;\n}\n\n@media only screen and (min-width: 480px) and (max-width: 767px){ \n#top #wrap_all .av-special-heading.av-csfzhy-fc799d16afe1f2f66ece2327f6cedbc3 .av-special-heading-tag{\nfont-size:0.8em;\n}\n}\n\n@media only screen and (max-width: 479px){ \n#top #wrap_all .av-special-heading.av-csfzhy-fc799d16afe1f2f66ece2327f6cedbc3 .av-special-heading-tag{\nfont-size:0.8em;\n}\n}\n<\/style>\n<div  class='av-special-heading av-csfzhy-fc799d16afe1f2f66ece2327f6cedbc3 av-special-heading-h3 blockquote modern-quote modern-centered  avia-builder-el-3  el_before_av_hr  avia-builder-el-first  av-inherit-size'><h3 class='av-special-heading-tag '  itemprop=\"headline\"  >Remontit ja muutosty\u00f6t<\/h3><div class=\"special-heading-border\"><div class=\"special-heading-inner-border\"><\/div><\/div><\/div><br \/>\n\n<style type=\"text\/css\" data-created_by=\"avia_inline_auto\" id=\"style-css-av-cof1wm-9ac7f9ac2629121424b84215e2d8a7ba\">\n#top .hr.av-cof1wm-9ac7f9ac2629121424b84215e2d8a7ba{\nmargin-top:30px;\nmargin-bottom:30px;\n}\n.hr.av-cof1wm-9ac7f9ac2629121424b84215e2d8a7ba .hr-inner{\nwidth:50px;\nborder-color:#000000;\n}\n<\/style>\n<div  class='hr av-cof1wm-9ac7f9ac2629121424b84215e2d8a7ba hr-custom  avia-builder-el-4  el_after_av_heading  el_before_av_textblock  hr-center hr-icon-no'><span class='hr-inner inner-border-av-border-thin'><span class=\"hr-inner-style\"><\/span><\/span><\/div><br \/>\n\n<style type=\"text\/css\" data-created_by=\"avia_inline_auto\" id=\"style-css-av-cgf792-c09fd84fa88e61c5541530da09c66442\">\n#top .av_textblock_section.av-cgf792-c09fd84fa88e61c5541530da09c66442 .avia_textblock{\nfont-size:22px;\n}\n<\/style>\n<section  class='av_textblock_section av-cgf792-c09fd84fa88e61c5541530da09c66442 '   itemscope=\"itemscope\" itemtype=\"https:\/\/schema.org\/CreativeWork\" ><div class='avia_textblock'  itemprop=\"text\" ><p style=\"text-align: center;\">Remontti- tai muutosty\u00f6ilmoitus tehd\u00e4\u00e4n <a href=\"https:\/\/asukas.hausvise.fi\">Hausvise asiakasportaalin<\/a> kautta. Jos et p\u00e4\u00e4se kirjautumaan Hausviseen s\u00e4hk\u00f6postiosoitteellasi, ota yhteytt\u00e4 toimistoomme.<\/p>\n<\/div><\/section><br \/>\n\n<style type=\"text\/css\" data-created_by=\"avia_inline_auto\" id=\"style-css-av-ccyha6-9a5c93a9772ccc49643a4a3c78056e9b\">\n#top .hr.hr-invisible.av-ccyha6-9a5c93a9772ccc49643a4a3c78056e9b{\nheight:120px;\n}\n<\/style>\n<div  class='hr av-ccyha6-9a5c93a9772ccc49643a4a3c78056e9b hr-invisible  avia-builder-el-6  el_after_av_textblock  avia-builder-el-last '><span class='hr-inner '><span class=\"hr-inner-style\"><\/span><\/span><\/div><\/p><\/div>\n<style type=\"text\/css\" data-created_by=\"avia_inline_auto\" id=\"style-css-av-c6xq1i-6fe15beb1bbb578bba22f067ad8be1a7\">\n.flex_column.av-c6xq1i-6fe15beb1bbb578bba22f067ad8be1a7{\nborder-radius:0px 0px 0px 0px;\npadding:20px 20px 20px 20px;\n}\n<\/style>\n<div  class='flex_column av-c6xq1i-6fe15beb1bbb578bba22f067ad8be1a7 av_one_fifth  avia-builder-el-7  el_after_av_three_fifth  avia-builder-el-last  flex_column_div av-animated-generic right-to-left  '     ><\/div><\/div><\/div><\/main><!-- close content main element --><\/div><div class='av-extra-border-element border-extra-diagonal  diagonal-box-shadow'><div class='av-extra-border-outer'><div class='av-extra-border-inner'><\/div><\/div><\/div><\/div><\/div>\n<style type=\"text\/css\" data-created_by=\"avia_inline_auto\" id=\"style-css-av-c27v2m-a7251afd7190f68a4ced0f58aff6fe66\">\n.avia-section.av-c27v2m-a7251afd7190f68a4ced0f58aff6fe66{\nbackground-color:#f8f8f8;\nbackground-image:unset;\n}\n.avia-section.av-c27v2m-a7251afd7190f68a4ced0f58aff6fe66 .av-extra-border-element .av-extra-border-inner{\nbackground-color:#ffffff;\n}\n<\/style>\n<div id='service'  class='avia-section av-c27v2m-a7251afd7190f68a4ced0f58aff6fe66 main_color avia-section-large avia-no-border-styling  avia-builder-el-8  el_after_av_section  el_before_av_section  avia-bg-style-scroll container_wrap fullsize'  ><div class='container av-section-cont-open' ><div class='template-page content  av-content-full alpha units'><div class='post-entry post-entry-type-page post-entry-646'><div class='entry-content-wrapper clearfix'>\n\n<style type=\"text\/css\" data-created_by=\"avia_inline_auto\" id=\"style-css-av-16u2ti-7be41231565974b5b11aee688973bf34\">\n.flex_column.av-16u2ti-7be41231565974b5b11aee688973bf34{\nborder-radius:0px 0px 0px 0px;\npadding:0px 0px 0px 0px;\n}\n<\/style>\n<div  class='flex_column av-16u2ti-7be41231565974b5b11aee688973bf34 av_two_third  avia-builder-el-9  el_before_av_one_third  avia-builder-el-first  first flex_column_div av-animated-generic right-to-left av-zero-column-padding  '     ><section  class='av_textblock_section av-bdkmhi-c30e2474036a2c47714efed7d1fd6fa9 '   itemscope=\"itemscope\" itemtype=\"https:\/\/schema.org\/CreativeWork\" ><div class='avia_textblock'  itemprop=\"text\" ><h1>Huoneiston kunnossapito<\/h1>\n<p>Asunto-osakeyhti\u00f6ss\u00e4 vastuu huoneiston ja taloyhti\u00f6n kunnossapidosta jakaantuu osakkaan ja taloyhti\u00f6n kesken. P\u00e4\u00e4s\u00e4\u00e4nt\u00f6n\u00e4 on, ett\u00e4 osakkaan kunnossapitovastuulle kuuluu huoneistonsa sis\u00e4osat kuten esimerkiksi lattian, seinien ja katon pintamateriaalit, kaapistot, komerot ja muut kalusteet sek\u00e4 huoneistossa olevat laitteet kuten j\u00e4\u00e4kaapin, lieden ja kiukaan korjaus.<\/p>\n<p>Taloyhti\u00f6 puolestaan vastaa muun muassa rakenteiden ja perusj\u00e4rjestelmien kunnossapidosta sek\u00e4 muista huoneiston ulkopuolella olevista osista. Huomaathan kuitenkin, ett\u00e4 taloyhti\u00f6si yhti\u00f6j\u00e4rjestys saattaa sis\u00e4lt\u00e4\u00e4 poikkeavia m\u00e4\u00e4r\u00e4yksi\u00e4 vastuunjaosta.<\/p>\n<p>Voit my\u00f6s tiedustella taloyhti\u00f6si huoltoyhti\u00f6lt\u00e4 tai is\u00e4nn\u00f6itsij\u00e4lt\u00e4, onko vian korjaaminen taloyhti\u00f6n vai osakkaan vastuulla.<\/p>\n<\/div><\/section><br \/>\n\n<style type=\"text\/css\" data-created_by=\"avia_inline_auto\" id=\"style-css-av-evxpi-f139d9c5ad33dc5ebdd21e7698ad7e8f\">\n#top .hr.hr-invisible.av-evxpi-f139d9c5ad33dc5ebdd21e7698ad7e8f{\nheight:120px;\n}\n<\/style>\n<div  class='hr av-evxpi-f139d9c5ad33dc5ebdd21e7698ad7e8f hr-invisible  avia-builder-el-11  el_after_av_textblock  avia-builder-el-last '><span class='hr-inner '><span class=\"hr-inner-style\"><\/span><\/span><\/div><\/p><\/div>\n<style type=\"text\/css\" data-created_by=\"avia_inline_auto\" id=\"style-css-av-11ycfi-ee2cf917a0da380151ac57ff9d20c500\">\n.flex_column.av-11ycfi-ee2cf917a0da380151ac57ff9d20c500{\nborder-radius:0px 0px 0px 0px;\npadding:0px 0px 0px 0px;\n}\n<\/style>\n<div  class='flex_column av-11ycfi-ee2cf917a0da380151ac57ff9d20c500 av_one_third  avia-builder-el-12  el_after_av_two_third  avia-builder-el-last  flex_column_div av-animated-generic right-to-left av-zero-column-padding  '     ><\/div>\n<\/p>\n<\/div><\/div><\/div><!-- close content main div --><\/div><div class='av-extra-border-element border-extra-diagonal border-extra-diagonal-inverse '><div class='av-extra-border-outer'><div class='av-extra-border-inner'><\/div><\/div><\/div><\/div>\n<style type=\"text\/css\" data-created_by=\"avia_inline_auto\" id=\"style-css-av-10wdhi-26a7ea63866d911c3bdb63bcd620b5ca\">\n.avia-section.av-10wdhi-26a7ea63866d911c3bdb63bcd620b5ca .av-extra-border-element .av-extra-border-inner{\nbackground-color:#f8f8f8;\n}\n<\/style>\n<div id='av_section_3'  class='avia-section av-10wdhi-26a7ea63866d911c3bdb63bcd620b5ca main_color avia-section-large avia-no-border-styling  avia-builder-el-13  el_after_av_section  el_before_av_section  avia-bg-style-scroll container_wrap fullsize'  ><div class='container av-section-cont-open' ><div class='template-page content  av-content-full alpha units'><div class='post-entry post-entry-type-page post-entry-646'><div class='entry-content-wrapper clearfix'>\n\n<style type=\"text\/css\" data-created_by=\"avia_inline_auto\" id=\"style-css-av-19im6-481d7500c0df7d97528b7d43b053b1fa\">\n.flex_column.av-19im6-481d7500c0df7d97528b7d43b053b1fa{\nborder-radius:0px 0px 0px 0px;\npadding:0px 0px 0px 0px;\n}\n<\/style>\n<div  class='flex_column av-19im6-481d7500c0df7d97528b7d43b053b1fa av_one_third  avia-builder-el-14  el_before_av_two_third  avia-builder-el-first  first flex_column_div av-animated-generic right-to-left av-zero-column-padding  '     ><style type=\"text\/css\" data-created_by=\"avia_inline_auto\" id=\"style-css-av-b0j6u-31cd5f7fbcdd9dc08d56e9e9145f3c5c\">\n.av_font_icon.av-b0j6u-31cd5f7fbcdd9dc08d56e9e9145f3c5c .av-icon-char{\nfont-size:200px;\n}\n<\/style>\n<span  class='av_font_icon av-b0j6u-31cd5f7fbcdd9dc08d56e9e9145f3c5c avia_animate_when_visible av-icon-style- avia-icon-pos-center avia-svg-icon avia-font-svg_wp-media-library av-no-color avia-icon-animate'><a href='https:\/\/asukas.hausvise.fi'  target=\"_blank\"  rel=\"noopener noreferrer\"  class='av-icon-char' data-av_svg_icon='528' data-av_iconset='svg_wp-media-library' ><svg version=\"1.1\" id=\"Layer_1\" xmlns=\"http:\/\/www.w3.org\/2000\/svg\" xmlns:xlink=\"http:\/\/www.w3.org\/1999\/xlink\" x=\"0px\" y=\"0px\"\n\t viewBox=\"0 0 995.5 798.9\" style=\"enable-background:new 0 0 995.5 798.9;\" xml:space=\"preserve\" preserveAspectRatio=\"xMidYMid meet\" aria-labelledby='av-svg-title-2' role=\"graphics-symbol\" is-colored=\"true\" aria-hidden=\"false\">\n<title id='av-svg-title-2'>hausvise-logo-vertical.749907<\/title>\n<style type=\"text\/css\">\n\t.st0{fill:#005738;}\n<\/style>\n<g>\n\t<path class=\"st0\" d=\"M429.6,796h-31.5v-14.7c-7.9,9.2-19.7,17.6-37.5,17.6c-28.8,0-46.7-19.7-46.7-49.3v-91.2h31.5v84.4\n\t\tc0,16.8,7.3,27.5,24.4,27.5s28.3-10.5,28.3-30.1v-81.8h31.5L429.6,796L429.6,796z\"\/>\n\t<path class=\"st0\" d=\"M463.9,750.9c8.1,13.4,23.9,22.3,39.8,22.3c15.9,0,25.7-4.7,25.7-17s-11.5-13.1-33.3-17.6\n\t\tc-21.8-4.5-46.7-10-46.7-39.3s22-43.5,53.7-43.5s45.6,10.7,55.6,25.9l-21.2,19.1c-7.9-12.3-21-19.4-36.2-19.4\n\t\tc-15.2,0-21.2,5.8-21.2,14.9s10,11.8,27.3,15.5c23.3,5,52.7,10,52.7,41.4s-25.4,45.6-56.6,45.6s-50.8-10.2-63.2-29.1L463.9,750.9\n\t\tL463.9,750.9z\"\/>\n\t<path class=\"st0\" d=\"M765.1,750.9c8.1,13.4,23.9,22.3,39.8,22.3s25.7-4.7,25.7-17s-11.5-13.1-33.3-17.6s-46.7-10-46.7-39.3\n\t\ts22-43.5,53.7-43.5s45.6,10.7,55.6,25.9l-21.2,19.1c-7.9-12.3-21-19.4-36.2-19.4s-21.2,5.8-21.2,14.9s10,11.8,27.3,15.5\n\t\tc23.3,5,52.7,10,52.7,41.4s-25.4,45.6-56.6,45.6s-50.8-10.2-63.2-29.1L765.1,750.9L765.1,750.9z\"\/>\n\t<path class=\"st0\" d=\"M900.6,710.5h63.2c-0.3-15.2-9.7-28.3-29.6-28.3s-28.8,9.7-33.5,28.3 M868.9,727.3c0-40.4,27.3-71.6,65.5-71.6\n\t\tc38.2,0,61.1,30.1,61.1,67.9v10.5H899c2.4,23.6,16.5,38,36.7,38s27.8-7.9,32-22l27,10.2c-9.7,24.1-31.5,38.5-59,38.5\n\t\tC896.4,798.8,868.9,769.7,868.9,727.3\"\/>\n\t<polygon class=\"st0\" points=\"123.7,607.8 123.7,684.3 33.5,684.3 33.5,607.8 0,607.8 0,796 33.5,796 33.5,713.7 123.7,713.7 \n\t\t123.7,796 157.3,796 157.3,607.8 \t\"\/>\n\t<path class=\"st0\" d=\"M257.9,730.7l-29.6,6.3c-13.4,2.9-23.3,7.1-23.3,19.4s7.9,16.8,19.9,16.8s33-8.9,33-25.7V730.7z M173.8,757.7\n\t\tc0-26.2,19.7-37.7,46.1-43.2l38-7.9v-2.4c0-13.1-6.8-21.2-23.6-21.2s-22.8,6.8-26.5,20.2l-29.6-6.8c6.8-22.8,27-40.6,57.4-40.6\n\t\ts52.9,15.7,52.9,47.4v59.2c0,7.9,3.4,10.2,12.1,9.2V796c-22.8,2.6-34.9-1.8-39.6-13.1c-8.6,9.7-23.1,15.5-40.9,15.5\n\t\tc-26.2,0-46.4-16-46.4-40.6\"\/>\n\t<path class=\"st0\" d=\"M497.8,198.2c39.2,0,71,31.9,71,71c0,39.1-31.9,71-71,71s-71-31.9-71-71C426.8,230.1,458.7,198.2,497.8,198.2\n\t\t M424.1,147.8c-40.9,24.9-68.2,69.8-68.4,121.1l0.4,0.4l-0.4,0.4c0,0.1,0,0.3,0,0.4L305.8,320c0-0.1,0-0.2,0-0.3l-55.7,55.7\n\t\tc41.2,96.1,136.6,163.4,247.7,163.4s206.5-67.3,247.7-163.3l-55.7-55.7c-8.8,33.7-26.4,64.6-51.7,89.9\n\t\tc-37.5,37.5-87.3,58.1-140.3,58.1S395,447.2,357.5,409.7c-6.9-6.9-13.2-14.2-18.9-21.9l40.5-40.5c25.4,38.6,69.1,64.1,118.7,64.1\n\t\tc78.3,0,141.8-63.4,142-141.6l-0.4-0.4l106.1-106.1C704.3,67.3,608.9,0,497.8,0S291.3,67.3,250.1,163.4l55.7,55.7\n\t\tc8.8-33.7,26.4-64.7,51.7-90C395,91.6,444.8,71,497.8,71s102.8,20.6,140.3,58.1c7.1,7.1,13.5,14.6,19.4,22.4L617,192.1\n\t\tc-25.3-38.9-69.2-64.7-119.1-64.7s-52.2,7.5-73.7,20.6\"\/>\n\t<path class=\"st0\" d=\"M730.8,796h-31.5V658.4h31.5V796z M698.8,607.8h32.5V640h-32.5V607.8z\"\/>\n\t<polygon class=\"st0\" points=\"608.1,796 557.8,658.4 590.8,658.4 624.4,758.2 657.6,658.4 690.1,658.4 639.8,796 \t\"\/>\n<\/g>\n<\/svg><\/a><\/span><\/div><div  class='flex_column av-p264e-cfeb09569c5ae139d6e5bc84d0af0552 av_two_third  avia-builder-el-16  el_after_av_one_third  avia-builder-el-last  flex_column_div  '     ><section  class='av_textblock_section av-mksk91o1-5c08998e378bc2347e467b4b4f0cd7e3 '   itemscope=\"itemscope\" itemtype=\"https:\/\/schema.org\/CreativeWork\" ><div class='avia_textblock'  itemprop=\"text\" ><h1>Huoneiston tai huoneistopihan muutosty\u00f6t<\/h1>\n<p>Jos olet aikeissa tehd\u00e4 huoneistossasi remonttia tai muutost\u00f6it\u00e4, on ty\u00f6st\u00e4 teht\u00e4v\u00e4 kirjallinen ilmoitus is\u00e4nn\u00f6itsij\u00e4lle. L\u00e4hes kaikista huoneiston remonteista on teht\u00e4v\u00e4 muutosty\u00f6ilmoitus, ainoastaan huoneiston maalaus ja tapetointi voidaan tehd\u00e4 ilman ilmoitusta. Erityisesti silloin kun muutosty\u00f6ss\u00e4 kosketaan taloyhti\u00f6n perusj\u00e4rjestelmiin kuten s\u00e4hk\u00f6- tai vesij\u00e4rjestelmiin (esim. hanan tai kiinte\u00e4n s\u00e4hk\u00f6valaisimen vaihtaminen), on ilmoitus annettava.<\/p>\n<p>Huomaathan ett\u00e4 ilmoitus on annettava my\u00f6s silloin, jos suunnittelet muutost\u00f6it\u00e4 huoneistopihallesi. T\u00e4llaisia muutost\u00f6it\u00e4 ovat esimerkiksi terassin, aitojen tai kaiteiden rakentaminen sek\u00e4 kasvien istuttaminen tai poistaminen.<\/p>\n<p>Ilmoituksessa on kerrottava ainakin tiedot remontista ja remontin tekij\u00e4st\u00e4. Mit\u00e4 laajemmasta remontista on kyse, sit\u00e4 tarkemmin tiedot on annettava remontin suunnitelmista, urakoitsijasta ja ty\u00f6njohtajista. Voit liitt\u00e4\u00e4 muutosty\u00f6ilmoitukseen urakoitsijan tarjouksen ty\u00f6selosteineen.<\/p>\n<p>Muutosty\u00f6ilmoitus on annettava hyviss\u00e4 ajoin ennen ty\u00f6n aloittamista eik\u00e4 remonttia saa aloittaa ennen kuin taloyhti\u00f6 antaa lausunnon asiassa. Tarkempaa tietoa muutosty\u00f6ilmoituksen sis\u00e4ll\u00f6st\u00e4 saat is\u00e4nn\u00f6itsij\u00e4lt\u00e4.<\/p>\n<\/div><\/section><br \/>\n\n<style type=\"text\/css\" data-created_by=\"avia_inline_auto\" id=\"style-css-av-b3gwe-ffa28aa0d3174103897d8819caecb0a6\">\n#top .hr.hr-invisible.av-b3gwe-ffa28aa0d3174103897d8819caecb0a6{\nheight:120px;\n}\n<\/style>\n<div  class='hr av-b3gwe-ffa28aa0d3174103897d8819caecb0a6 hr-invisible  avia-builder-el-18  el_after_av_textblock  avia-builder-el-last '><span class='hr-inner '><span class=\"hr-inner-style\"><\/span><\/span><\/div><\/p><\/div>\n\n<\/div><\/div><\/div><!-- close content main div --><\/div><div class='av-extra-border-element border-extra-diagonal  '><div class='av-extra-border-outer'><div class='av-extra-border-inner'><\/div><\/div><\/div><\/div>\n<style type=\"text\/css\" data-created_by=\"avia_inline_auto\" id=\"style-css-av-mkshclp3-2251e66604ca32e0e11e17a8acc9cda4\">\n.avia-section.av-mkshclp3-2251e66604ca32e0e11e17a8acc9cda4{\nbackground-color:#f8f8f8;\nbackground-image:unset;\n}\n.avia-section.av-mkshclp3-2251e66604ca32e0e11e17a8acc9cda4 .av-extra-border-element .av-extra-border-inner{\nbackground-color:#f8f8f8;\n}\n<\/style>\n<div id='service'  class='avia-section av-mkshclp3-2251e66604ca32e0e11e17a8acc9cda4 main_color avia-section-large avia-no-border-styling  avia-builder-el-19  el_after_av_section  avia-builder-el-last  avia-bg-style-scroll container_wrap fullsize'  ><div class='container av-section-cont-open' ><div class='template-page content  av-content-full alpha units'><div class='post-entry post-entry-type-page post-entry-646'><div class='entry-content-wrapper clearfix'>\n\n<style type=\"text\/css\" data-created_by=\"avia_inline_auto\" id=\"style-css-av-j3zh2-b3fe583589ea435dfa9ced6efd2229d2\">\n.flex_column.av-j3zh2-b3fe583589ea435dfa9ced6efd2229d2{\nborder-radius:0px 0px 0px 0px;\npadding:0px 0px 0px 0px;\n}\n<\/style>\n<div  class='flex_column av-j3zh2-b3fe583589ea435dfa9ced6efd2229d2 av_one_third  avia-builder-el-20  el_before_av_one_third  avia-builder-el-first  first flex_column_div av-animated-generic right-to-left av-zero-column-padding  '     ><section  class='av_textblock_section av-mkskllxy-4980863df61e12c0c73ba9a179f0638f '   itemscope=\"itemscope\" itemtype=\"https:\/\/schema.org\/CreativeWork\" ><div class='avia_textblock'  itemprop=\"text\" ><h2>S\u00e4hk\u00f6auton lataaminen<\/h2>\n<p>Monissa taloyhti\u00f6iss\u00e4mme s\u00e4hk\u00f6auton tai ladattavan hybridin lataaminen on jo mahdollista mutta ei v\u00e4ltt\u00e4m\u00e4tt\u00e4 viel\u00e4 sinun taloyhti\u00f6ss\u00e4si. Onkin hyv\u00e4 huomata, ett\u00e4 latausmahdollisuuden j\u00e4rjest\u00e4miseen saattaa kulua aikaa useita kuukausia, mik\u00e4li latauspisteiden rakentamista joudutaan k\u00e4sittelem\u00e4\u00e4n yhti\u00f6kokouksessa tai s\u00e4hk\u00f6j\u00e4rjestelmiin on teht\u00e4v\u00e4 muutoksia.<\/p>\n<p>Kannattaa tarkistaa omalta is\u00e4nn\u00f6itsij\u00e4lt\u00e4 onko lataaminen mahdollista taloyhti\u00f6ss\u00e4 tai miten se olisi toteutettavissa.<\/p>\n<\/div><\/section><\/div>\n<style type=\"text\/css\" data-created_by=\"avia_inline_auto\" id=\"style-css-av-hqbny-5b08cb70f3070d634b323bf4d8b6e3ae\">\n.flex_column.av-hqbny-5b08cb70f3070d634b323bf4d8b6e3ae{\nborder-radius:0px 0px 0px 0px;\npadding:0px 0px 0px 0px;\n}\n<\/style>\n<div  class='flex_column av-hqbny-5b08cb70f3070d634b323bf4d8b6e3ae av_one_third  avia-builder-el-22  el_after_av_one_third  el_before_av_one_third  flex_column_div av-animated-generic right-to-left av-zero-column-padding  '     ><section  class='av_textblock_section av-mkskj4em-ad329450027c6bee719f26d7bbae5e8b '   itemscope=\"itemscope\" itemtype=\"https:\/\/schema.org\/CreativeWork\" ><div class='avia_textblock'  itemprop=\"text\" ><h2>Ilmal\u00e4mp\u00f6pumpun asentaminen<\/h2>\n<p>Ilmal\u00e4mp\u00f6pumpun asentaminen huoneistoon edellytt\u00e4\u00e4 muutosty\u00f6ilmoitusta ja ilmoitus on annettava hyviss\u00e4 ajoin ennen ty\u00f6n tekemist\u00e4. Lis\u00e4ksi osakas sitoutuu vastaamaan laitteesta ja sen kunnossapidosta t\u00e4ysim\u00e4\u00e4r\u00e4isesti.<\/p>\n<p>Tarkista is\u00e4nn\u00f6itsij\u00e4lt\u00e4 tai Hausvise asiakassivuilta mahdolliset ilmal\u00e4mp\u00f6pumppujen muutosty\u00f6ohjeet ja -ehdot.<\/p>\n<\/div><\/section><\/div>\n<style type=\"text\/css\" data-created_by=\"avia_inline_auto\" id=\"style-css-av-bnlfq-5f2fabc945c9fac9a934f185d97b8c97\">\n.flex_column.av-bnlfq-5f2fabc945c9fac9a934f185d97b8c97{\nborder-radius:0px 0px 0px 0px;\npadding:0px 0px 0px 0px;\n}\n<\/style>\n<div  class='flex_column av-bnlfq-5f2fabc945c9fac9a934f185d97b8c97 av_one_third  avia-builder-el-24  el_after_av_one_third  avia-builder-el-last  flex_column_div av-animated-generic right-to-left av-zero-column-padding  '     ><section  class='av_textblock_section av-mkskn3mi-75b45f6ee49df527e58e87774028d41c '   itemscope=\"itemscope\" itemtype=\"https:\/\/schema.org\/CreativeWork\" ><div class='avia_textblock'  itemprop=\"text\" ><h2>Remonttien valvonta<\/h2>\n<p>Remontteihin ja muutost\u00f6ihin liittyy olennaisesti my\u00f6s niiden valvonta. Asunto-osakeyhti\u00f6ll\u00e4 on velvollisuus valvoa, ett\u00e4 osakkaan teett\u00e4m\u00e4t remontit suoritetaan hyv\u00e4n rakennustavan mukaisesti, rakennusta ja kiinteist\u00f6\u00e4 vahingoittamatta sek\u00e4 noudattaen taloyhti\u00f6n, toisen osakkeenomistajan tai viranomaisen asettamia ehtoja. Osakas vastaa valvonnasta aiheutuvista tarpeellisista ja kohtuullisista kustannuksista.<\/p>\n<\/div><\/section><\/div>\n\n","protected":false},"excerpt":{"rendered":"","protected":false},"author":2,"featured_media":0,"parent":0,"menu_order":0,"comment_status":"open","ping_status":"closed","template":"","meta":{"footnotes":""},"class_list":["post-646","page","type-page","status-publish","hentry"],"_links":{"self":[{"href":"https:\/\/linnanjarvi.fi\/index.php?rest_route=\/wp\/v2\/pages\/646","targetHints":{"allow":["GET"]}}],"collection":[{"href":"https:\/\/linnanjarvi.fi\/index.php?rest_route=\/wp\/v2\/pages"}],"about":[{"href":"https:\/\/linnanjarvi.fi\/index.php?rest_route=\/wp\/v2\/types\/page"}],"author":[{"embeddable":true,"href":"https:\/\/linnanjarvi.fi\/index.php?rest_route=\/wp\/v2\/users\/2"}],"replies":[{"embeddable":true,"href":"https:\/\/linnanjarvi.fi\/index.php?rest_route=%2Fwp%2Fv2%2Fcomments&post=646"}],"version-history":[{"count":39,"href":"https:\/\/linnanjarvi.fi\/index.php?rest_route=\/wp\/v2\/pages\/646\/revisions"}],"predecessor-version":[{"id":1011,"href":"https:\/\/linnanjarvi.fi\/index.php?rest_route=\/wp\/v2\/pages\/646\/revisions\/1011"}],"wp:attachment":[{"href":"https:\/\/linnanjarvi.fi\/index.php?rest_route=%2Fwp%2Fv2%2Fmedia&parent=646"}],"curies":[{"name":"wp","href":"https:\/\/api.w.org\/{rel}","templated":true}]}}