{"id":680,"date":"2026-01-24T19:26:49","date_gmt":"2026-01-24T17:26:49","guid":{"rendered":"https:\/\/linnanjarvi.fi\/?page_id=680"},"modified":"2026-03-06T09:06:33","modified_gmt":"2026-03-06T07:06:33","slug":"home-2-2-2","status":"publish","type":"page","link":"https:\/\/linnanjarvi.fi\/?page_id=680","title":{"rendered":"Omistaminen"},"content":{"rendered":"\n<style type=\"text\/css\" data-created_by=\"avia_inline_auto\" id=\"style-css-av-dbfgfq-fed07b0d819000fc56a96f33843e1233\">\n.avia-section.av-dbfgfq-fed07b0d819000fc56a96f33843e1233{\nbackground-color:#ffffff;\nbackground-image:url(https:\/\/linnanjarvi.fi\/wp-content\/uploads\/2026\/01\/Omistaminen-taustakuva-300x200.jpg);\nbackground-repeat:no-repeat;\nbackground-position:0% 0%;\nbackground-attachment:fixed;\n}\n.avia-section.av-dbfgfq-fed07b0d819000fc56a96f33843e1233 .av-extra-border-element .av-extra-border-inner{\nbackground-color:#f8f8f8;\n}\n<\/style>\n<div id='av_section_1'  class='avia-section av-dbfgfq-fed07b0d819000fc56a96f33843e1233 main_color avia-section-large avia-no-border-styling  avia-builder-el-0  el_before_av_section  avia-builder-el-first  avia-full-stretch avia-bg-style-fixed container_wrap fullsize'  data-section-bg-repeat='stretch'><div class=\"av-section-color-overlay-wrap\"><a href='#next-section' title='' class='scroll-down-link  avia-svg-icon avia-font-svg_entypo-fontello' data-av_svg_icon='down-open-mini' data-av_iconset='svg_entypo-fontello'><svg version=\"1.1\" xmlns=\"http:\/\/www.w3.org\/2000\/svg\" width=\"15\" height=\"32\" viewBox=\"0 0 15 32\" preserveAspectRatio=\"xMidYMid meet\" aria-labelledby='av-svg-title-1' aria-describedby='av-svg-desc-1' role=\"graphics-symbol\" aria-hidden=\"true\">\n<title id='av-svg-title-1'>Scroll to next section<\/title>\n<desc id='av-svg-desc-1'>Scroll to next section<\/desc>\n<path d=\"M12.96 12.16q0.704-0.832 1.536 0 0.832 0.704 0 1.536l-6.272 6.144q-0.704 0.704-1.536 0l-6.272-6.144q-0.832-0.832 0-1.536 0.768-0.768 1.6 0l5.44 4.992z\"><\/path>\n<\/svg><\/a><div class='container av-section-cont-open' ><main  role=\"main\" itemprop=\"mainContentOfPage\"  class='template-page content  av-content-full alpha units'><div class='post-entry post-entry-type-page post-entry-680'><div class='entry-content-wrapper clearfix'>\n\n<style type=\"text\/css\" data-created_by=\"avia_inline_auto\" id=\"style-css-av-d3kd2u-1ba5cbc23513a83266a0e01fd04abea6\">\n.flex_column.av-d3kd2u-1ba5cbc23513a83266a0e01fd04abea6{\nborder-radius:0px 0px 0px 0px;\npadding:20px 20px 20px 20px;\n}\n<\/style>\n<div  class='flex_column av-d3kd2u-1ba5cbc23513a83266a0e01fd04abea6 av_one_fifth  avia-builder-el-1  el_before_av_three_fifth  avia-builder-el-first  first flex_column_div av-animated-generic right-to-left  '     ><\/div>\n<style type=\"text\/css\" data-created_by=\"avia_inline_auto\" id=\"style-css-av-cxkf5q-8cd7c05ebd748cef2468940fb29b5d30\">\n.flex_column.av-cxkf5q-8cd7c05ebd748cef2468940fb29b5d30{\nborder-radius:0px 0px 0px 0px;\npadding:20px 20px 20px 20px;\n}\n<\/style>\n<div  class='flex_column av-cxkf5q-8cd7c05ebd748cef2468940fb29b5d30 av_three_fifth  avia-builder-el-2  el_after_av_one_fifth  el_before_av_one_fifth  flex_column_div av-animated-generic top-to-bottom  '     ><p>\n<style type=\"text\/css\" data-created_by=\"avia_inline_auto\" id=\"style-css-av-csfzhy-2ea347faba8c8ad91adce6dbc004eb50\">\n#top .av-special-heading.av-csfzhy-2ea347faba8c8ad91adce6dbc004eb50{\npadding-bottom:0;\nfont-size:65px;\n}\nbody .av-special-heading.av-csfzhy-2ea347faba8c8ad91adce6dbc004eb50 .av-special-heading-tag .heading-char{\nfont-size:25px;\n}\n#top #wrap_all .av-special-heading.av-csfzhy-2ea347faba8c8ad91adce6dbc004eb50 .av-special-heading-tag{\nfont-size:65px;\n}\n.av-special-heading.av-csfzhy-2ea347faba8c8ad91adce6dbc004eb50 .av-subheading{\nfont-size:15px;\n}\n\n@media only screen and (min-width: 480px) and (max-width: 767px){ \n#top #wrap_all .av-special-heading.av-csfzhy-2ea347faba8c8ad91adce6dbc004eb50 .av-special-heading-tag{\nfont-size:0.8em;\n}\n}\n\n@media only screen and (max-width: 479px){ \n#top #wrap_all .av-special-heading.av-csfzhy-2ea347faba8c8ad91adce6dbc004eb50 .av-special-heading-tag{\nfont-size:0.8em;\n}\n}\n<\/style>\n<div  class='av-special-heading av-csfzhy-2ea347faba8c8ad91adce6dbc004eb50 av-special-heading-h3 blockquote modern-quote modern-centered  avia-builder-el-3  el_before_av_hr  avia-builder-el-first  av-inherit-size'><h3 class='av-special-heading-tag '  itemprop=\"headline\"  >Osakeomistuksen rekister\u00f6inti ja omistajanvaihdos<\/h3><div class=\"special-heading-border\"><div class=\"special-heading-inner-border\"><\/div><\/div><\/div><br \/>\n\n<style type=\"text\/css\" data-created_by=\"avia_inline_auto\" id=\"style-css-av-cof1wm-9ac7f9ac2629121424b84215e2d8a7ba\">\n#top .hr.av-cof1wm-9ac7f9ac2629121424b84215e2d8a7ba{\nmargin-top:30px;\nmargin-bottom:30px;\n}\n.hr.av-cof1wm-9ac7f9ac2629121424b84215e2d8a7ba .hr-inner{\nwidth:50px;\nborder-color:#000000;\n}\n<\/style>\n<div  class='hr av-cof1wm-9ac7f9ac2629121424b84215e2d8a7ba hr-custom  avia-builder-el-4  el_after_av_heading  el_before_av_textblock  hr-center hr-icon-no'><span class='hr-inner inner-border-av-border-thin'><span class=\"hr-inner-style\"><\/span><\/span><\/div><br \/>\n\n<style type=\"text\/css\" data-created_by=\"avia_inline_auto\" id=\"style-css-av-cgf792-c09fd84fa88e61c5541530da09c66442\">\n#top .av_textblock_section.av-cgf792-c09fd84fa88e61c5541530da09c66442 .avia_textblock{\nfont-size:22px;\n}\n<\/style>\n<section  class='av_textblock_section av-cgf792-c09fd84fa88e61c5541530da09c66442 '   itemscope=\"itemscope\" itemtype=\"https:\/\/schema.org\/CreativeWork\" ><div class='avia_textblock'  itemprop=\"text\" ><p style=\"text-align: center;\">Taloyhti\u00f6n osakeluettelon yll\u00e4pidosta vastaa nyky\u00e4\u00e4n <a href=\"https:\/\/www.maanmittauslaitos.fi\">Maanmittauslaitos<\/a>. Maanmittauslaitoksen yll\u00e4pit\u00e4m\u00e4 huoneistotietoj\u00e4rjestelm\u00e4 on s\u00e4hk\u00f6inen rekisteri, joka sis\u00e4lt\u00e4\u00e4 tiedot osakehuoneistojen, kuten asuntojen ja autopaikkojen omistuksista, panttauksista ja rajoituksista.<\/p>\n<\/div><\/section><br \/>\n\n<style type=\"text\/css\" data-created_by=\"avia_inline_auto\" id=\"style-css-av-ccyha6-9a5c93a9772ccc49643a4a3c78056e9b\">\n#top .hr.hr-invisible.av-ccyha6-9a5c93a9772ccc49643a4a3c78056e9b{\nheight:120px;\n}\n<\/style>\n<div  class='hr av-ccyha6-9a5c93a9772ccc49643a4a3c78056e9b hr-invisible  avia-builder-el-6  el_after_av_textblock  avia-builder-el-last '><span class='hr-inner '><span class=\"hr-inner-style\"><\/span><\/span><\/div><\/p><\/div>\n<style type=\"text\/css\" data-created_by=\"avia_inline_auto\" id=\"style-css-av-c6xq1i-6fe15beb1bbb578bba22f067ad8be1a7\">\n.flex_column.av-c6xq1i-6fe15beb1bbb578bba22f067ad8be1a7{\nborder-radius:0px 0px 0px 0px;\npadding:20px 20px 20px 20px;\n}\n<\/style>\n<div  class='flex_column av-c6xq1i-6fe15beb1bbb578bba22f067ad8be1a7 av_one_fifth  avia-builder-el-7  el_after_av_three_fifth  avia-builder-el-last  flex_column_div av-animated-generic right-to-left  '     ><\/div>\n\n<\/div><\/div><\/main><!-- close content main element --><\/div><div class='av-extra-border-element border-extra-diagonal  diagonal-box-shadow'><div class='av-extra-border-outer'><div class='av-extra-border-inner'><\/div><\/div><\/div><\/div><\/div>\n<style type=\"text\/css\" data-created_by=\"avia_inline_auto\" id=\"style-css-av-c27v2m-a7251afd7190f68a4ced0f58aff6fe66\">\n.avia-section.av-c27v2m-a7251afd7190f68a4ced0f58aff6fe66{\nbackground-color:#f8f8f8;\nbackground-image:unset;\n}\n.avia-section.av-c27v2m-a7251afd7190f68a4ced0f58aff6fe66 .av-extra-border-element .av-extra-border-inner{\nbackground-color:#ffffff;\n}\n<\/style>\n<div id='service'  class='avia-section av-c27v2m-a7251afd7190f68a4ced0f58aff6fe66 main_color avia-section-large avia-no-border-styling  avia-builder-el-8  el_after_av_section  el_before_av_section  avia-bg-style-scroll container_wrap fullsize'  ><div class='container av-section-cont-open' ><div class='template-page content  av-content-full alpha units'><div class='post-entry post-entry-type-page post-entry-680'><div class='entry-content-wrapper clearfix'>\n\n<style type=\"text\/css\" data-created_by=\"avia_inline_auto\" id=\"style-css-av-16u2ti-7be41231565974b5b11aee688973bf34\">\n.flex_column.av-16u2ti-7be41231565974b5b11aee688973bf34{\nborder-radius:0px 0px 0px 0px;\npadding:0px 0px 0px 0px;\n}\n<\/style>\n<div  class='flex_column av-16u2ti-7be41231565974b5b11aee688973bf34 av_two_third  avia-builder-el-9  el_before_av_one_third  avia-builder-el-first  first flex_column_div av-animated-generic right-to-left av-zero-column-padding  '     ><section  class='av_textblock_section av-bdkmhi-c30e2474036a2c47714efed7d1fd6fa9 '   itemscope=\"itemscope\" itemtype=\"https:\/\/schema.org\/CreativeWork\" ><div class='avia_textblock'  itemprop=\"text\" ><h1>Mit\u00e4 taloyhti\u00f6n osakkaan on hyv\u00e4 tiet\u00e4\u00e4 huoneistotietoj\u00e4rjestelm\u00e4st\u00e4?<\/h1>\n<p>Paperinen osakekirja on muutettava s\u00e4hk\u00f6iseen muotoon viimeist\u00e4\u00e4n vuonna 2033 (10 vuoden kuluessa siit\u00e4, kun taloyhti\u00f6 siirsi osakeluettelon huoneistotietoj\u00e4rjestelm\u00e4\u00e4n). Toimenpidett\u00e4 kutsutaan nimell\u00e4 Osakehuoneiston omistusoikeuden rekister\u00f6iminen.<\/p>\n<ul>\n<li>Osakkaan on ilmoitettava yhteystietojensa muutokset my\u00f6s Maanmittauslaitokselle.<\/li>\n<li>Kun osakkeen omistus muuttuu joko kokonaan tai osittain, on omistusoikeuden rekister\u00f6inti\u00e4 haettava kahden kuukauden kuluessa.<\/li>\n<li>Omistusoikeuden rekister\u00f6inti\u00e4 on haettava, olipa sitten kyseess\u00e4 kauppa, lahja, perint\u00f6, ositus tai muu omistajanvaihdostilanne.<\/li>\n<li>Omistusoikeuden rekister\u00f6inti\u00e4 on haettava my\u00f6s muille kuin asunto-osakkeille kuten osakeautopaikat, osakevarastot ja liikehuoneistot.<\/li>\n<li>Kuolinpes\u00e4n on hyv\u00e4 hakea ns. omistusoikeuden selvennyskirjausta. N\u00e4in varmistetaan, ett\u00e4 huoneistolla on ajantasaiset yhteystiedot eik\u00e4 vainajan perukirjaa tarvitse en\u00e4\u00e4 liitt\u00e4\u00e4 osakkeen myyntiasiakirjoihin.<\/li>\n<li>Kaikkien taloyhti\u00f6idemme osakerekisterit on siirretty Maanmittauslaitoksen huoneistotietoj\u00e4rjestelm\u00e4\u00e4n vuonna 2023.<\/li>\n<\/ul>\n<p>Lis\u00e4tietoa <a href=\"https:\/\/www.maanmittauslaitos.fi\">Maanmittauslaitoksen nettisivuilta<\/a><\/p>\n<\/div><\/section><\/div>\n<style type=\"text\/css\" data-created_by=\"avia_inline_auto\" id=\"style-css-av-11ycfi-7a1f3c7b9fd1738a6cc11895844055c0\">\n.flex_column.av-11ycfi-7a1f3c7b9fd1738a6cc11895844055c0{\nborder-radius:0px 0px 0px 0px;\npadding:0px 0px 0px 0px;\n}\n<\/style>\n<div  class='flex_column av-11ycfi-7a1f3c7b9fd1738a6cc11895844055c0 av_one_third  avia-builder-el-11  el_after_av_two_third  avia-builder-el-last  flex_column_div av-animated-generic right-to-left av-zero-column-padding  '     ><style type=\"text\/css\" data-created_by=\"avia_inline_auto\" id=\"style-css-av-mktwh732-88fef95d36d30e0625f155438b790d7b\">\n.av_font_icon.av-mktwh732-88fef95d36d30e0625f155438b790d7b .av-icon-char{\nfont-size:200px;\n}\n<\/style>\n<span  class='av_font_icon av-mktwh732-88fef95d36d30e0625f155438b790d7b avia_animate_when_visible av-icon-style- avia-icon-pos-center avia-svg-icon avia-font-svg_wp-media-library av-no-color avia-icon-animate'><a href='https:\/\/www.maanmittauslaitos.fi\/huoneistot'  target=\"_blank\"  rel=\"noopener noreferrer\"  class='av-icon-char' data-av_svg_icon='831' data-av_iconset='svg_wp-media-library' ><svg id=\"Layer_1\" data-name=\"Layer 1\" xmlns=\"http:\/\/www.w3.org\/2000\/svg\" viewBox=\"0 0 187.79 100.12\" preserveAspectRatio=\"xMidYMid meet\" aria-labelledby='av-svg-title-2' role=\"graphics-symbol\" is-colored=\"true\" aria-hidden=\"false\">\n<title id='av-svg-title-2'>suomi_logo_rgb<\/title>\n  <defs>\n    <style>\n      .cls-1 {\n        fill: #2a6275;\n      }\n    <\/style>\n  <\/defs>\n  <g>\n    <path class=\"cls-1\" d=\"M92.14,8.89h8.19l7.11,16.42.59,1.84.58-1.84,7.29-16.42h8.06l1.48,33.43h-8.01l-.63-18.94-.68,2.07-5.22,11.79h-5.94l-5.08-11.79-.63-1.98-.63,18.85h-7.92l1.44-33.43Z\"\/>\n    <path class=\"cls-1\" d=\"M129.94,8.89h8.19l7.11,16.42.59,1.84.58-1.84,7.29-16.42h8.05l1.49,33.43h-8.01l-.63-18.94-.67,2.07-5.22,11.79h-5.94l-5.08-11.79-.63-1.98-.63,18.85h-7.92l1.44-33.43Z\"\/>\n    <path class=\"cls-1\" d=\"M166.83,42.32V8.89h8.14v26.41h12.55v7.02h-20.7Z\"\/>\n    <g>\n      <path class=\"cls-1\" d=\"M91.42,44.62h3.37l3.94,9.43.27.76.27-.76,4.07-9.43h3.31l.74,16.72h-3.13l-.38-11.38-.22.74-3.44,7.96h-2.47l-3.35-7.94-.22-.77-.38,11.38h-3.08l.72-16.72Z\"\/>\n      <path class=\"cls-1\" d=\"M118.65,57.11h-5.31l-1.12,4.23h-3.4l4.88-16.72h4.66l5.04,16.72h-3.58l-1.17-4.23ZM115.99,46.82l-.16.92-1.78,6.61h3.85l-1.73-6.61-.18-.92Z\"\/>\n      <path class=\"cls-1\" d=\"M134.08,57.11h-5.31l-1.12,4.23h-3.4l4.88-16.72h4.65l5.04,16.72h-3.58l-1.17-4.23ZM131.42,46.82l-.16.92-1.78,6.61h3.85l-1.73-6.61-.18-.92Z\"\/>\n      <path class=\"cls-1\" d=\"M143.46,61.33h-3.13v-16.72h3.04l6.7,9.9.4.72v-10.62h3.17v16.72h-2.61l-7.22-10.62-.36-.63v11.25Z\"\/>\n      <path class=\"cls-1\" d=\"M155.69,53.05h5.87v2.63h-5.87v-2.63Z\"\/>\n    <\/g>\n    <path class=\"cls-1\" d=\"M91.42,63.84h3.37l3.94,9.43.27.76.27-.76,4.07-9.43h3.31l.74,16.71h-3.13l-.38-11.38-.22.74-3.44,7.97h-2.48l-3.35-7.94-.22-.77-.38,11.38h-3.08l.72-16.71Z\"\/>\n    <path class=\"cls-1\" d=\"M109.36,63.84h3.15v16.71h-3.15v-16.71Z\"\/>\n    <path class=\"cls-1\" d=\"M114.15,66.65v-2.81h12.33v2.81h-4.59v13.9h-3.15v-13.9h-4.59Z\"\/>\n    <path class=\"cls-1\" d=\"M127.85,66.65v-2.81h12.33v2.81h-4.59v13.9h-3.15v-13.9h-4.59Z\"\/>\n    <path class=\"cls-1\" d=\"M148.14,76.32h-5.31l-1.13,4.23h-3.39l4.88-16.71h4.66l5.04,16.71h-3.58l-1.17-4.23ZM145.49,66.04l-.16.92-1.78,6.61h3.85l-1.73-6.61-.18-.92Z\"\/>\n    <path class=\"cls-1\" d=\"M166.32,63.84v9.76c0,4.59-1.62,7.17-6.5,7.17s-6.41-2.63-6.41-7.22v-9.72h3.24v9.49c0,3.58,1.04,4.79,3.35,4.79s3.15-1.22,3.15-4.79v-9.49h3.17Z\"\/>\n    <path class=\"cls-1\" d=\"M174.07,73.76l-2.2-.52c-2.43-.59-3.71-1.67-3.71-4.66,0-3.33,2.07-4.97,5.2-4.97,2.63,0,5.02.63,5.02.63l-.41,2.61s-2.86-.54-4.43-.54-2.25.85-2.25,2,.83,1.89,2.41,2.27l2.14.5c2.18.52,3.22,1.87,3.22,4.77,0,3.1-1.76,4.93-5.13,4.93-2.7,0-5.67-.74-5.67-.74l.36-2.65s2.99.72,4.72.72c1.82,0,2.68-.74,2.68-2.07,0-1.17-.41-1.91-1.94-2.27Z\"\/>\n    <path class=\"cls-1\" d=\"M180.77,72.27h5.87v2.63h-5.87v-2.63Z\"\/>\n    <path class=\"cls-1\" d=\"M90.85,99.77v-16.71h3.15v13.93h6.41v2.79h-9.56Z\"\/>\n    <path class=\"cls-1\" d=\"M111.47,95.55h-5.31l-1.12,4.23h-3.4l4.88-16.71h4.65l5.04,16.71h-3.58l-1.17-4.23ZM108.81,85.27l-.16.92-1.78,6.61h3.85l-1.73-6.61-.18-.92Z\"\/>\n    <path class=\"cls-1\" d=\"M117.91,83.06h3.15v16.71h-3.15v-16.71Z\"\/>\n    <path class=\"cls-1\" d=\"M122.7,85.87v-2.81h12.33v2.81h-4.59v13.9h-3.15v-13.9h-4.59Z\"\/>\n    <path class=\"cls-1\" d=\"M143.1,100c-4.56,0-7.17-2.48-7.17-8.75,0-5.69,2.61-8.41,7.17-8.41s7.22,2.59,7.22,8.41c0,6.28-2.68,8.75-7.22,8.75ZM143.1,97.41c2.45,0,3.98-1.84,3.98-6.07,0-4.52-1.6-5.92-3.98-5.92s-3.91,1.39-3.91,5.87,1.53,6.12,3.91,6.12Z\"\/>\n    <path class=\"cls-1\" d=\"M157.88,92.98l-2.21-.52c-2.43-.59-3.71-1.67-3.71-4.66,0-3.33,2.07-4.97,5.2-4.97,2.63,0,5.02.63,5.02.63l-.41,2.61s-2.86-.54-4.43-.54-2.25.86-2.25,2,.83,1.89,2.41,2.27l2.14.5c2.18.52,3.22,1.87,3.22,4.77,0,3.11-1.76,4.93-5.13,4.93-2.7,0-5.67-.74-5.67-.74l.36-2.65s2.99.72,4.73.72c1.82,0,2.68-.74,2.68-2.07,0-1.17-.4-1.91-1.93-2.27Z\"\/>\n  <\/g>\n  <path class=\"cls-1\" d=\"M82.19,42.1L58.19,5.58C54.47-.1,46.92-1.71,41.34,1.98L5.41,25.7C-.18,29.38-1.68,36.97,2.05,42.63l23.99,36.52c3.73,5.67,11.27,7.29,16.85,3.6l35.93-23.72c5.58-3.68,7.09-11.27,3.36-16.94ZM76.39,54.1l-10.3,6.79c-.14.1-.32.13-.51.1-.37-.08-.6-.44-.53-.81l4.92-24.79c.07-.37.43-.61.79-.53.18.04.33.15.43.3l6.88,10.47c1.86,2.84,1.11,6.63-1.68,8.47ZM50.16,70.02c.37.08.6.44.53.81-.04.19-.15.34-.3.43l-11.07,7.3c-2.79,1.84-6.56,1.04-8.43-1.8l-7.39-11.25c-.1-.15-.14-.33-.1-.51.07-.37.43-.6.79-.53M7.84,30.63l10.3-6.8c.14-.09.32-.13.51-.09.37.08.6.44.53.8l-4.92,24.8c-.07.37-.43.6-.79.52-.18-.04-.33-.15-.43-.29l-6.88-10.47c-1.86-2.84-1.11-6.63,1.68-8.47ZM53.33,7.97l8.3,12.63-29.16-6.23,12.43-8.2c2.79-1.84,6.56-1.04,8.43,1.8ZM38.01,38.48c1,1.52,2.53,2.57,4.29,2.95,1.77.38,3.57.04,5.07-.95l18.52-12.22c.26-.16.44-.01.53.22.21.69.25,1.44.11,2.19l-6.43,32.44c-.49,2.45-2.85,4.01-5.29,3.49l-33.56-7.17c-2.43-.52-4.01-2.93-3.53-5.37l6.43-32.44c.15-.75.48-1.42.93-1.97.17-.18.39-.25.57.01l12.36,18.82ZM30.28,19.01c.07-.37.43-.6.79-.52l30.27,6.47c.37.08.6.44.53.81-.04.18-.14.33-.29.43l-16.47,10.87c-.62.41-1.35.53-2.03.38-.68-.15-1.3-.55-1.72-1.18l-10.99-16.74c-.1-.15-.14-.33-.1-.51Z\"\/>\n<\/svg><\/a><\/span><\/div>\n\n<\/div><\/div><\/div><!-- close content main div --><\/div><div class='av-extra-border-element border-extra-diagonal border-extra-diagonal-inverse '><div class='av-extra-border-outer'><div class='av-extra-border-inner'><\/div><\/div><\/div><\/div>\n<style type=\"text\/css\" data-created_by=\"avia_inline_auto\" id=\"style-css-av-10wdhi-6ba5344b346811a577cf19baa80454c8\">\n.avia-section.av-10wdhi-6ba5344b346811a577cf19baa80454c8 .av-extra-border-element .av-extra-border-inner{\nbackground-color:#f8f8f8;\n}\n<\/style>\n<div id='av_section_3'  class='avia-section av-10wdhi-6ba5344b346811a577cf19baa80454c8 main_color avia-section-large avia-no-border-styling  avia-builder-el-13  el_after_av_section  avia-builder-el-last  avia-bg-style-scroll container_wrap fullsize'  ><div class='container av-section-cont-open' ><div class='template-page content  av-content-full alpha units'><div class='post-entry post-entry-type-page post-entry-680'><div class='entry-content-wrapper clearfix'>\n<div  class='flex_column av-wyvcm-6db808ead3894204463a0bfd2f83f05a av_one_half  avia-builder-el-14  el_before_av_one_half  avia-builder-el-first  first flex_column_div  '     ><form action=\"https:\/\/linnanjarvi.fi\/?page_id=680\" method=\"post\" data-fields-with-error=\"Found errors in the following field(s):\" class=\"avia_ajax_form av-form-labels-hidden   avia-builder-el-15  avia-builder-el-no-sibling   \" data-avia-form-id=\"1\" data-avia-redirect=''  aria-label='Contact Form' ><h2 class=''>Ilmoita omistajanvaihdoksesta<\/h2><fieldset><p class='  first_form  form_element form_fullwidth' id='element_avia_1_1'><label for=\"avia_1_1\">Ilmoittajan nimi ja rooli <abbr class=\"required\" title=\"required\">*<\/abbr><\/label> <input name=\"avia_1_1\" class=\"text_input is_empty\" type=\"text\" id=\"avia_1_1\" value=\"\"  placeholder='Ilmoittajan nimi ja rooli*'\/><\/p><p class='  first_form  form_element form_fullwidth' id='element_avia_2_1'><label for=\"avia_2_1\"><\/label><select  name=\"avia_2_1\" class=\"select \" id=\"avia_2_1\"><option class=\"av-placeholder\" disabled=\"disabled\" selected=\"selected\" value=''><\/option><option   value='Myyj\u00e4'>Myyj\u00e4<\/option><option   value='Ostaja'>Ostaja<\/option><\/select><\/p><p class='  first_form  form_element form_fullwidth' id='element_avia_3_1'><label for=\"avia_3_1\">Ilmoittajan s\u00e4hk\u00f6postiosoite <abbr class=\"required\" title=\"required\">*<\/abbr><\/label> <input name=\"avia_3_1\" class=\"text_input is_email\" type=\"text\" id=\"avia_3_1\" value=\"\"  placeholder='Ilmoittajan s\u00e4hk\u00f6postiosoite*'\/><\/p><p class='  first_form  form_element form_fullwidth' id='element_avia_4_1'><label for=\"avia_4_1\">Taloyhti\u00f6n nimi tai osoite ja huoneiston tai autopaikan numero <abbr class=\"required\" title=\"required\">*<\/abbr><\/label> <input name=\"avia_4_1\" class=\"text_input is_empty\" type=\"text\" id=\"avia_4_1\" value=\"\"  placeholder='Taloyhti\u00f6n nimi tai osoite ja huoneiston tai autopaikan numero*'\/><\/p><p class='  first_form  form_element form_fullwidth' id='element_avia_5_1'><label for=\"avia_5_1\">Vastikkeen maksuvelvollisuuden siirtymisp\u00e4iv\u00e4m\u00e4\u00e4r\u00e4 <abbr class=\"required\" title=\"required\">*<\/abbr><\/label> <input name=\"avia_5_1\" class=\"avia_datepicker text_input is_empty\" type=\"text\" id=\"avia_5_1\" value=\"\" placeholder=\"Vastikkeen maksuvelvollisuuden siirtymisp\u00e4iv\u00e4m\u00e4\u00e4r\u00e4*\" inputmode=\"none\" \/><\/p><p class='  first_form  form_element form_fullwidth' id='element_avia_6_1'><label for=\"avia_6_1\">Hallinnan vaihtumisp\u00e4iv\u00e4m\u00e4\u00e4r\u00e4 <abbr class=\"required\" title=\"required\">*<\/abbr><\/label> <input name=\"avia_6_1\" class=\"avia_datepicker text_input is_empty\" type=\"text\" id=\"avia_6_1\" value=\"\" placeholder=\"Hallinnan vaihtumisp\u00e4iv\u00e4m\u00e4\u00e4r\u00e4*\" inputmode=\"none\" \/><\/p><p class='  first_form  form_element form_fullwidth av-last-visible-form-element' id='element_avia_7_1'><label for=\"avia_7_1\" class=\"textare_label hidden textare_label_avia_7_1\">Lis\u00e4tietoja (esim. muuttop\u00e4iv\u00e4, henkil\u00f6lukum\u00e4\u00e4r\u00e4)<\/label><textarea  placeholder='Lis\u00e4tietoja (esim. muuttop\u00e4iv\u00e4, henkil\u00f6lukum\u00e4\u00e4r\u00e4)' name=\"avia_7_1\" class=\"text_area \" cols=\"40\" rows=\"7\" id=\"avia_7_1\" ><\/textarea><\/p><p class=\"hidden\"><input type=\"text\" name=\"avia_8_1\" class=\"hidden \" id=\"avia_8_1\" value=\"\" \/><\/p><p class=\"form_element \"><input type=\"hidden\" value=\"1\" name=\"avia_generated_form1\" \/><input type=\"submit\" value=\"L\u00e4het\u00e4 ilmoitus\" class=\"button\"  data-sending-label=\"Sending\"\/><\/p><\/fieldset><\/form><div id=\"ajaxresponse_1\" class=\"ajaxresponse ajaxresponse_1 hidden\"><\/div><\/div><div  class='flex_column av-p264e-cfeb09569c5ae139d6e5bc84d0af0552 av_one_half  avia-builder-el-16  el_after_av_one_half  avia-builder-el-last  flex_column_div  '     ><section  class='av_textblock_section av-mksk91o1-5c08998e378bc2347e467b4b4f0cd7e3 '   itemscope=\"itemscope\" itemtype=\"https:\/\/schema.org\/CreativeWork\" ><div class='avia_textblock'  itemprop=\"text\" ><h1>Kun osakkeen omistaja vaihtuu<\/h1>\n<p>Ilmoita meille viipym\u00e4tt\u00e4, ett\u00e4 olet hankkinut osakkeen taloyhti\u00f6st\u00e4mme. N\u00e4in saamme yhteystietosi sek\u00e4 tarvittavat tiedot vastikelaskujen l\u00e4hett\u00e4mist\u00e4 varten.<\/p>\n<p>Omistajanvaihdoksessa osapuolten on hyv\u00e4 sopia selke\u00e4sti ajankohta, jolloin huoneiston hallinta siirtyy esimerkiksi myyj\u00e4lt\u00e4 ostajalle sek\u00e4 siit\u00e4, mist\u00e4 ajankohdasta lukien uusi omistaja vastaa vastikkeen maksamisesta. Helpointa on sopia vastikkeen maksuvelvollisuuden siirtyminen kuukauden vaihteeseen.<\/p>\n<p>Jos taloyhti\u00f6ss\u00e4 huoneistoihin on asennettu vesimittarit ja veden kulutus laskutetaan osakkailta mittarilukemien perusteella, on vesimittarilukemat otettava talteen my\u00f6s huoneiston vaihtaessa omistajaa. Myyj\u00e4n tulee huolehtia vesimittarien luennasta ja tilattava tarvittaessa huoltomies lukemaan mittarit. Mittarit luetaan yleens\u00e4 sin\u00e4 p\u00e4iv\u00e4n\u00e4, kun huoneiston hallinta siirtyy myyj\u00e4lt\u00e4 ostajalle.<\/p>\n<p>Omistajan vaihtuessa, is\u00e4nn\u00f6itsij\u00e4lle ei en\u00e4\u00e4 tarvitse toimittaa j\u00e4ljenn\u00f6st\u00e4 osakekirjasta tai varainsiirtoveroilmoitusta, vaan osakkeen uusi omistaja hakee Maanmittauslaitokselta omistusoikeuden rekister\u00f6inti\u00e4 kahden kuukauden kuluessa omistusoikeuden siirtymisest\u00e4.<\/p>\n<\/div><\/section><\/div>\n","protected":false},"excerpt":{"rendered":"","protected":false},"author":2,"featured_media":0,"parent":0,"menu_order":0,"comment_status":"open","ping_status":"closed","template":"","meta":{"footnotes":""},"class_list":["post-680","page","type-page","status-publish","hentry"],"_links":{"self":[{"href":"https:\/\/linnanjarvi.fi\/index.php?rest_route=\/wp\/v2\/pages\/680","targetHints":{"allow":["GET"]}}],"collection":[{"href":"https:\/\/linnanjarvi.fi\/index.php?rest_route=\/wp\/v2\/pages"}],"about":[{"href":"https:\/\/linnanjarvi.fi\/index.php?rest_route=\/wp\/v2\/types\/page"}],"author":[{"embeddable":true,"href":"https:\/\/linnanjarvi.fi\/index.php?rest_route=\/wp\/v2\/users\/2"}],"replies":[{"embeddable":true,"href":"https:\/\/linnanjarvi.fi\/index.php?rest_route=%2Fwp%2Fv2%2Fcomments&post=680"}],"version-history":[{"count":26,"href":"https:\/\/linnanjarvi.fi\/index.php?rest_route=\/wp\/v2\/pages\/680\/revisions"}],"predecessor-version":[{"id":1020,"href":"https:\/\/linnanjarvi.fi\/index.php?rest_route=\/wp\/v2\/pages\/680\/revisions\/1020"}],"wp:attachment":[{"href":"https:\/\/linnanjarvi.fi\/index.php?rest_route=%2Fwp%2Fv2%2Fmedia&parent=680"}],"curies":[{"name":"wp","href":"https:\/\/api.w.org\/{rel}","templated":true}]}}