{"id":709,"date":"2026-01-24T20:08:38","date_gmt":"2026-01-24T18:08:38","guid":{"rendered":"https:\/\/linnanjarvi.fi\/?page_id=709"},"modified":"2026-03-12T08:02:45","modified_gmt":"2026-03-12T06:02:45","slug":"home-2-2-2-2-2","status":"publish","type":"page","link":"https:\/\/linnanjarvi.fi\/?page_id=709","title":{"rendered":"Tilaa asiakirjoja"},"content":{"rendered":"\n<style type=\"text\/css\" data-created_by=\"avia_inline_auto\" id=\"style-css-av-dbfgfq-a9cf99bf52eb167914fa5b6e573a6e21\">\n.avia-section.av-dbfgfq-a9cf99bf52eb167914fa5b6e573a6e21{\nbackground-color:#ffffff;\nbackground-image:url(https:\/\/linnanjarvi.fi\/wp-content\/uploads\/2026\/03\/asiakirjatilaustausta-300x165.jpg);\nbackground-repeat:no-repeat;\nbackground-position:0% 100%;\nbackground-attachment:fixed;\n}\n.avia-section.av-dbfgfq-a9cf99bf52eb167914fa5b6e573a6e21 .av-extra-border-element .av-extra-border-inner{\nbackground-color:#f8f8f8;\n}\n<\/style>\n<div id='av_section_1'  class='avia-section av-dbfgfq-a9cf99bf52eb167914fa5b6e573a6e21 main_color avia-section-large avia-no-border-styling  avia-builder-el-0  el_before_av_section  avia-builder-el-first  avia-full-stretch avia-bg-style-fixed container_wrap fullsize'  data-section-bg-repeat='stretch'><div class='container av-section-cont-open' ><main  role=\"main\" itemprop=\"mainContentOfPage\"  class='template-page content  av-content-full alpha units'><div class='post-entry post-entry-type-page post-entry-709'><div class='entry-content-wrapper clearfix'>\n\n<style type=\"text\/css\" data-created_by=\"avia_inline_auto\" id=\"style-css-av-d3kd2u-1ba5cbc23513a83266a0e01fd04abea6\">\n.flex_column.av-d3kd2u-1ba5cbc23513a83266a0e01fd04abea6{\nborder-radius:0px 0px 0px 0px;\npadding:20px 20px 20px 20px;\n}\n<\/style>\n<div  class='flex_column av-d3kd2u-1ba5cbc23513a83266a0e01fd04abea6 av_one_fifth  avia-builder-el-1  el_before_av_three_fifth  avia-builder-el-first  first flex_column_div av-animated-generic right-to-left  '     ><\/div>\n<style type=\"text\/css\" data-created_by=\"avia_inline_auto\" id=\"style-css-av-cxkf5q-8cd7c05ebd748cef2468940fb29b5d30\">\n.flex_column.av-cxkf5q-8cd7c05ebd748cef2468940fb29b5d30{\nborder-radius:0px 0px 0px 0px;\npadding:20px 20px 20px 20px;\n}\n<\/style>\n<div  class='flex_column av-cxkf5q-8cd7c05ebd748cef2468940fb29b5d30 av_three_fifth  avia-builder-el-2  el_after_av_one_fifth  el_before_av_one_fifth  flex_column_div av-animated-generic top-to-bottom  '     ><p>\n<style type=\"text\/css\" data-created_by=\"avia_inline_auto\" id=\"style-css-av-csfzhy-784c337366bacffc0254b75cfa4e8821\">\n#top .av-special-heading.av-csfzhy-784c337366bacffc0254b75cfa4e8821{\npadding-bottom:0;\nfont-size:65px;\n}\nbody .av-special-heading.av-csfzhy-784c337366bacffc0254b75cfa4e8821 .av-special-heading-tag .heading-char{\nfont-size:25px;\n}\n#top #wrap_all .av-special-heading.av-csfzhy-784c337366bacffc0254b75cfa4e8821 .av-special-heading-tag{\nfont-size:65px;\n}\n.av-special-heading.av-csfzhy-784c337366bacffc0254b75cfa4e8821 .av-subheading{\nfont-size:15px;\n}\n\n@media only screen and (min-width: 480px) and (max-width: 767px){ \n#top #wrap_all .av-special-heading.av-csfzhy-784c337366bacffc0254b75cfa4e8821 .av-special-heading-tag{\nfont-size:0.8em;\n}\n}\n\n@media only screen and (max-width: 479px){ \n#top #wrap_all .av-special-heading.av-csfzhy-784c337366bacffc0254b75cfa4e8821 .av-special-heading-tag{\nfont-size:0.8em;\n}\n}\n<\/style>\n<div  class='av-special-heading av-csfzhy-784c337366bacffc0254b75cfa4e8821 av-special-heading-h3 blockquote modern-quote modern-centered  avia-builder-el-3  el_before_av_hr  avia-builder-el-first  av-inherit-size'><h3 class='av-special-heading-tag '  itemprop=\"headline\"  >Tilaa asiakirjoja<\/h3><div class=\"special-heading-border\"><div class=\"special-heading-inner-border\"><\/div><\/div><\/div><br \/>\n\n<style type=\"text\/css\" data-created_by=\"avia_inline_auto\" id=\"style-css-av-mksoeneq-29131bb943191a4cfead9fc2fd940ddf\">\n#top .hr.av-mksoeneq-29131bb943191a4cfead9fc2fd940ddf{\nmargin-top:30px;\nmargin-bottom:30px;\n}\n.hr.av-mksoeneq-29131bb943191a4cfead9fc2fd940ddf .hr-inner{\nwidth:50px;\nborder-color:#000000;\n}\n<\/style>\n<div  class='hr av-mksoeneq-29131bb943191a4cfead9fc2fd940ddf hr-custom  avia-builder-el-4  el_after_av_heading  el_before_av_textblock  hr-center hr-icon-no'><span class='hr-inner inner-border-av-border-thin'><span class=\"hr-inner-style\"><\/span><\/span><\/div><br \/>\n<section  class='av_textblock_section av-mmg7lalu-8fc319b0951ac53c6e03608cc7774289 '   itemscope=\"itemscope\" itemtype=\"https:\/\/schema.org\/CreativeWork\" ><div class='avia_textblock'  itemprop=\"text\" ><p style=\"text-align: center;\">Voit tilata asiakirjoja alla olevalla lomakkeella tai s\u00e4hk\u00f6postitse toimisto@linnanjarvi.fi. Toimitamme tilaukset vikkel\u00e4sti yleens\u00e4 parin arkip\u00e4iv\u00e4n kuluessa.<\/p>\n<\/div><\/section><br \/>\n\n<style type=\"text\/css\" data-created_by=\"avia_inline_auto\" id=\"style-css-av-ulml-2a6a489e7370bbc8e16d1c062cd68a56\">\n#top .hr.hr-invisible.av-ulml-2a6a489e7370bbc8e16d1c062cd68a56{\nheight:50px;\n}\n<\/style>\n<div  class='hr av-ulml-2a6a489e7370bbc8e16d1c062cd68a56 hr-invisible  avia-builder-el-6  el_after_av_textblock  avia-builder-el-last '><span class='hr-inner '><span class=\"hr-inner-style\"><\/span><\/span><\/div><\/p><\/div>\n<style type=\"text\/css\" data-created_by=\"avia_inline_auto\" id=\"style-css-av-c6xq1i-6fe15beb1bbb578bba22f067ad8be1a7\">\n.flex_column.av-c6xq1i-6fe15beb1bbb578bba22f067ad8be1a7{\nborder-radius:0px 0px 0px 0px;\npadding:20px 20px 20px 20px;\n}\n<\/style>\n<div  class='flex_column av-c6xq1i-6fe15beb1bbb578bba22f067ad8be1a7 av_one_fifth  avia-builder-el-7  el_after_av_three_fifth  avia-builder-el-last  flex_column_div av-animated-generic right-to-left  '     ><\/div>\n\n<\/div><\/div><\/main><!-- close content main element --><\/div><div class='av-extra-border-element border-extra-diagonal  diagonal-box-shadow'><div class='av-extra-border-outer'><div class='av-extra-border-inner'><\/div><\/div><\/div><\/div>\n<style type=\"text\/css\" data-created_by=\"avia_inline_auto\" id=\"style-css-av-c27v2m-a7251afd7190f68a4ced0f58aff6fe66\">\n.avia-section.av-c27v2m-a7251afd7190f68a4ced0f58aff6fe66{\nbackground-color:#f8f8f8;\nbackground-image:unset;\n}\n.avia-section.av-c27v2m-a7251afd7190f68a4ced0f58aff6fe66 .av-extra-border-element .av-extra-border-inner{\nbackground-color:#ffffff;\n}\n<\/style>\n<div id='service'  class='avia-section av-c27v2m-a7251afd7190f68a4ced0f58aff6fe66 main_color avia-section-large avia-no-border-styling  avia-builder-el-8  el_after_av_section  el_before_av_section  avia-bg-style-scroll container_wrap fullsize'  ><div class='container av-section-cont-open' ><div class='template-page content  av-content-full alpha units'><div class='post-entry post-entry-type-page post-entry-709'><div class='entry-content-wrapper clearfix'>\n\n<style type=\"text\/css\" data-created_by=\"avia_inline_auto\" id=\"style-css-av-16u2ti-7be41231565974b5b11aee688973bf34\">\n.flex_column.av-16u2ti-7be41231565974b5b11aee688973bf34{\nborder-radius:0px 0px 0px 0px;\npadding:0px 0px 0px 0px;\n}\n<\/style>\n<div  class='flex_column av-16u2ti-7be41231565974b5b11aee688973bf34 av_one_half  avia-builder-el-9  el_before_av_one_half  avia-builder-el-first  first flex_column_div av-animated-generic right-to-left av-zero-column-padding  '     ><section  class='av_textblock_section av-bdkmhi-c30e2474036a2c47714efed7d1fd6fa9 '   itemscope=\"itemscope\" itemtype=\"https:\/\/schema.org\/CreativeWork\" ><div class='avia_textblock'  itemprop=\"text\" ><h1>Is\u00e4nn\u00f6itsij\u00e4ntodistus<\/h1>\n<p>Voit tilata t\u00e4ll\u00e4 lomakkeella is\u00e4nn\u00f6itsij\u00e4ntodistuksen. Jos olet myym\u00e4ss\u00e4 huoneistoasi, tarvitset is\u00e4nn\u00f6itsij\u00e4ntodistuksen liitteineen. Materiaali sis\u00e4lt\u00e4\u00e4 taloyhti\u00f6n voimassa olevan yhti\u00f6j\u00e4rjestyksen, viimeisimm\u00e4n tilinp\u00e4\u00e4t\u00f6ksen, energiatodistuksen sek\u00e4 kunnossapitotarveselvityksen.<\/p>\n<p>Asuntoa myydess\u00e4 on hyv\u00e4 muistaa, ett\u00e4 is\u00e4nn\u00f6itsij\u00e4 tai taloyhti\u00f6n hallitus eiv\u00e4t anna tietoa taloyhti\u00f6st\u00e4 muille kuin taloyhti\u00f6n osakkaille. N\u00e4in ollen ostajaehdokkaiden tulisi esitt\u00e4\u00e4 yhti\u00f6t\u00e4 ja asuntoa koskevat kysymyksens\u00e4 asunnon myyj\u00e4lle ja myyj\u00e4 tarvittaessa tiedustelee lis\u00e4tietoja is\u00e4nn\u00f6itsij\u00e4lt\u00e4.<\/p>\n<\/div><\/section><br \/>\n\n<style type=\"text\/css\" data-created_by=\"avia_inline_auto\" id=\"style-css-av-a2y4t-71c225036eb5c1b171c8d33165b50b72\">\n#top .hr.hr-invisible.av-a2y4t-71c225036eb5c1b171c8d33165b50b72{\nheight:50px;\n}\n<\/style>\n<div  class='hr av-a2y4t-71c225036eb5c1b171c8d33165b50b72 hr-invisible  avia-builder-el-11  el_after_av_textblock  avia-builder-el-last '><span class='hr-inner '><span class=\"hr-inner-style\"><\/span><\/span><\/div><\/p><\/div>\n<style type=\"text\/css\" data-created_by=\"avia_inline_auto\" id=\"style-css-av-2ygc5-6663dd73047e02c29dd9b0c1f1b1fe94\">\n.flex_column.av-2ygc5-6663dd73047e02c29dd9b0c1f1b1fe94{\nborder-radius:0px 0px 0px 0px;\npadding:0px 0px 0px 0px;\n}\n<\/style>\n<div  class='flex_column av-2ygc5-6663dd73047e02c29dd9b0c1f1b1fe94 av_one_half  avia-builder-el-12  el_after_av_one_half  avia-builder-el-last  flex_column_div av-animated-generic right-to-left av-zero-column-padding  '     ><section  class='av_textblock_section av-mktlihzp-86faf5190567b8dc22399aa056d41e17 '   itemscope=\"itemscope\" itemtype=\"https:\/\/schema.org\/CreativeWork\" ><div class='avia_textblock'  itemprop=\"text\" ><h1>Lainaosuuslaskelma<\/h1>\n<p>Voit halutessasi maksaa huoneistoosi kohdistuvan yhti\u00f6lainan velkaosuuden kokonaisuudessaan milloin tahansa mutta lainan lyhennys- ja koronvaihtumisp\u00e4ivin\u00e4 pankin kulut saattavat olla alhaisemmat. Velkaosuuden maksamista varten tulee ottaa yhteytt\u00e4 is\u00e4nn\u00f6itsij\u00e4\u00e4n, joka laatii tarkan laskelman tietylle er\u00e4p\u00e4iv\u00e4lle yhti\u00f6lainan velkaosuuden m\u00e4\u00e4r\u00e4st\u00e4.<\/p>\n<\/div><\/section><\/div>\n\n<\/div><\/div><\/div><!-- close content main div --><\/div><div class='av-extra-border-element border-extra-diagonal border-extra-diagonal-inverse '><div class='av-extra-border-outer'><div class='av-extra-border-inner'><\/div><\/div><\/div><\/div>\n<style type=\"text\/css\" data-created_by=\"avia_inline_auto\" id=\"style-css-av-10wdhi-26a7ea63866d911c3bdb63bcd620b5ca\">\n.avia-section.av-10wdhi-26a7ea63866d911c3bdb63bcd620b5ca .av-extra-border-element .av-extra-border-inner{\nbackground-color:#f8f8f8;\n}\n<\/style>\n<div id='av_section_3'  class='avia-section av-10wdhi-26a7ea63866d911c3bdb63bcd620b5ca main_color avia-section-large avia-no-border-styling  avia-builder-el-14  el_after_av_section  avia-builder-el-last  avia-bg-style-scroll container_wrap fullsize'  ><div class='container av-section-cont-open' ><div class='template-page content  av-content-full alpha units'><div class='post-entry post-entry-type-page post-entry-709'><div class='entry-content-wrapper clearfix'>\n<div  class='flex_column av-ni2vp-57d27b76c688a5e4e589fd4713303600 av_one_fifth  avia-builder-el-15  el_before_av_three_fifth  avia-builder-el-first  first flex_column_div  '     ><\/div>\n<style type=\"text\/css\" data-created_by=\"avia_inline_auto\" id=\"style-css-av-11ycfi-b833fa038836f1e973e1835768d1893b\">\n.flex_column.av-11ycfi-b833fa038836f1e973e1835768d1893b{\nborder-radius:0px 0px 0px 0px;\npadding:0px 0px 0px 0px;\n}\n<\/style>\n<div  class='flex_column av-11ycfi-b833fa038836f1e973e1835768d1893b av_three_fifth  avia-builder-el-16  el_after_av_one_fifth  el_before_av_one_fifth  flex_column_div av-animated-generic right-to-left av-zero-column-padding  '     ><form action=\"https:\/\/linnanjarvi.fi\/?page_id=709\" method=\"post\" data-fields-with-error=\"Found errors in the following field(s):\" class=\"avia_ajax_form av-form-labels-hidden   avia-builder-el-17  avia-builder-el-no-sibling  av-show-form-errors   \" data-avia-form-id=\"1\" data-avia-redirect=''  aria-label='Contact Form' ><fieldset><p class='  first_form  form_element form_fullwidth' id='element_avia_1_1'><label for=\"avia_1_1\">Valitse tilattava asiakirja <abbr class=\"required\" title=\"required\">*<\/abbr><\/label><select  name=\"avia_1_1\" class=\"select is_empty\" id=\"avia_1_1\"><option class=\"av-placeholder\" disabled=\"disabled\" selected=\"selected\" value=''>Valitse tilattava asiakirja*<\/option><option   value='Is\u00e4nn\u00f6itsij\u00e4ntodistus liitteineen myynti\u00e4 varten'>Is\u00e4nn\u00f6itsij\u00e4ntodistus liitteineen myynti\u00e4 varten<\/option><option   value='Pelkk\u00e4 is\u00e4nn\u00f6itsij\u00e4ntodistus'>Pelkk\u00e4 is\u00e4nn\u00f6itsij\u00e4ntodistus<\/option><option   value='Lainaosuuslaskelma'>Lainaosuuslaskelma<\/option><\/select><\/p><p class='  first_form  form_element form_fullwidth' id='element_avia_2_1'><label for=\"avia_2_1\">Taloyhti\u00f6n osoite ja huoneisto <abbr class=\"required\" title=\"required\">*<\/abbr><\/label> <input name=\"avia_2_1\" class=\"text_input is_empty\" type=\"text\" id=\"avia_2_1\" value=\"\"  placeholder='Taloyhti\u00f6n osoite ja huoneisto*'\/><\/p><p class='  first_form  form_element form_fullwidth' id='element_avia_3_1'><label for=\"avia_3_1\">Tilaaja \/ yritys ja y-tunnus <abbr class=\"required\" title=\"required\">*<\/abbr><\/label> <input name=\"avia_3_1\" class=\"text_input is_empty\" type=\"text\" id=\"avia_3_1\" value=\"\"  placeholder='Tilaaja \/ yritys ja y-tunnus*'\/><\/p><p class='  first_form  form_element form_fullwidth' id='element_avia_4_1'><label for=\"avia_4_1\">S\u00e4hk\u00f6postiosoite <abbr class=\"required\" title=\"required\">*<\/abbr><\/label> <input name=\"avia_4_1\" class=\"text_input is_email\" type=\"text\" id=\"avia_4_1\" value=\"\"  placeholder='S\u00e4hk\u00f6postiosoite*'\/><\/p><p class='  first_form  form_element form_fullwidth' id='element_avia_5_1'><label for=\"avia_5_1\">Laskutustiedot <abbr class=\"required\" title=\"required\">*<\/abbr><\/label> <input name=\"avia_5_1\" class=\"text_input is_empty\" type=\"text\" id=\"avia_5_1\" value=\"\"  placeholder='Laskutustiedot*'\/><\/p><p class='  first_form  form_element form_fullwidth' id='element_avia_6_1'><label for=\"avia_6_1\">Toimitusosoite <abbr class=\"required\" title=\"required\">*<\/abbr><\/label> <input name=\"avia_6_1\" class=\"text_input is_empty\" type=\"text\" id=\"avia_6_1\" value=\"\"  placeholder='Toimitusosoite*'\/><\/p><p class='  first_form  form_element form_fullwidth av-last-visible-form-element' id='element_avia_7_1'><label for=\"avia_7_1\" class=\"textare_label hidden textare_label_avia_7_1\">Viesti<\/label><textarea  placeholder='Viesti' name=\"avia_7_1\" class=\"text_area \" cols=\"40\" rows=\"7\" id=\"avia_7_1\" ><\/textarea><\/p><p class=\"hidden\"><input type=\"text\" name=\"avia_8_1\" class=\"hidden \" id=\"avia_8_1\" value=\"\" \/><\/p><p class=\"form_element \"><input type=\"hidden\" value=\"1\" name=\"avia_generated_form1\" \/><input type=\"submit\" value=\"Tilaa\" class=\"button\"  data-sending-label=\"Sending\"\/><\/p><\/fieldset><\/form><div id=\"ajaxresponse_1\" class=\"ajaxresponse ajaxresponse_1 hidden\"><\/div><\/div><div  class='flex_column av-dhl99-504d791071087f86f847977005e1d843 av_one_fifth  avia-builder-el-18  el_after_av_three_fifth  avia-builder-el-last  flex_column_div  '     ><\/div>\n","protected":false},"excerpt":{"rendered":"","protected":false},"author":2,"featured_media":0,"parent":0,"menu_order":0,"comment_status":"open","ping_status":"closed","template":"","meta":{"footnotes":""},"class_list":["post-709","page","type-page","status-publish","hentry"],"_links":{"self":[{"href":"https:\/\/linnanjarvi.fi\/index.php?rest_route=\/wp\/v2\/pages\/709","targetHints":{"allow":["GET"]}}],"collection":[{"href":"https:\/\/linnanjarvi.fi\/index.php?rest_route=\/wp\/v2\/pages"}],"about":[{"href":"https:\/\/linnanjarvi.fi\/index.php?rest_route=\/wp\/v2\/types\/page"}],"author":[{"embeddable":true,"href":"https:\/\/linnanjarvi.fi\/index.php?rest_route=\/wp\/v2\/users\/2"}],"replies":[{"embeddable":true,"href":"https:\/\/linnanjarvi.fi\/index.php?rest_route=%2Fwp%2Fv2%2Fcomments&post=709"}],"version-history":[{"count":45,"href":"https:\/\/linnanjarvi.fi\/index.php?rest_route=\/wp\/v2\/pages\/709\/revisions"}],"predecessor-version":[{"id":1122,"href":"https:\/\/linnanjarvi.fi\/index.php?rest_route=\/wp\/v2\/pages\/709\/revisions\/1122"}],"wp:attachment":[{"href":"https:\/\/linnanjarvi.fi\/index.php?rest_route=%2Fwp%2Fv2%2Fmedia&parent=709"}],"curies":[{"name":"wp","href":"https:\/\/api.w.org\/{rel}","templated":true}]}}