{"id":907,"date":"2026-03-01T17:17:17","date_gmt":"2026-03-01T15:17:17","guid":{"rendered":"https:\/\/linnanjarvi.fi\/?page_id=907"},"modified":"2026-03-08T19:54:38","modified_gmt":"2026-03-08T17:54:38","slug":"home-2-3","status":"publish","type":"page","link":"https:\/\/linnanjarvi.fi\/?page_id=907","title":{"rendered":"Muutama sananen"},"content":{"rendered":"\n<style type=\"text\/css\" data-created_by=\"avia_inline_auto\" id=\"style-css-av-dbfgfq-fa870d1d7938264c14ffe310ba9e307a\">\n.avia-section.av-dbfgfq-fa870d1d7938264c14ffe310ba9e307a{\nbackground-color:#ffffff;\nbackground-image:url(https:\/\/linnanjarvi.fi\/wp-content\/uploads\/2015\/07\/laptop-white.jpg);\nbackground-repeat:no-repeat;\nbackground-position:0% 0%;\nbackground-attachment:fixed;\n}\n.avia-section.av-dbfgfq-fa870d1d7938264c14ffe310ba9e307a .av-extra-border-element .av-extra-border-inner{\nbackground-color:#f8f8f8;\n}\n<\/style>\n<div id='av_section_1'  class='avia-section av-dbfgfq-fa870d1d7938264c14ffe310ba9e307a main_color avia-section-large avia-no-border-styling  avia-builder-el-0  el_before_av_section  avia-builder-el-first  avia-full-stretch avia-bg-style-fixed container_wrap fullsize'  data-section-bg-repeat='stretch'><div class=\"av-section-color-overlay-wrap\"><a href='#next-section' title='' class='scroll-down-link  avia-svg-icon avia-font-svg_entypo-fontello' data-av_svg_icon='down-open-mini' data-av_iconset='svg_entypo-fontello'><svg version=\"1.1\" xmlns=\"http:\/\/www.w3.org\/2000\/svg\" width=\"15\" height=\"32\" viewBox=\"0 0 15 32\" preserveAspectRatio=\"xMidYMid meet\" aria-labelledby='av-svg-title-1' aria-describedby='av-svg-desc-1' role=\"graphics-symbol\" aria-hidden=\"true\">\n<title id='av-svg-title-1'>Scroll to next section<\/title>\n<desc id='av-svg-desc-1'>Scroll to next section<\/desc>\n<path d=\"M12.96 12.16q0.704-0.832 1.536 0 0.832 0.704 0 1.536l-6.272 6.144q-0.704 0.704-1.536 0l-6.272-6.144q-0.832-0.832 0-1.536 0.768-0.768 1.6 0l5.44 4.992z\"><\/path>\n<\/svg><\/a><div class='container av-section-cont-open' ><main  role=\"main\" itemprop=\"mainContentOfPage\"  class='template-page content  av-content-full alpha units'><div class='post-entry post-entry-type-page post-entry-907'><div class='entry-content-wrapper clearfix'>\n\n<style type=\"text\/css\" data-created_by=\"avia_inline_auto\" id=\"style-css-av-d3kd2u-1ba5cbc23513a83266a0e01fd04abea6\">\n.flex_column.av-d3kd2u-1ba5cbc23513a83266a0e01fd04abea6{\nborder-radius:0px 0px 0px 0px;\npadding:20px 20px 20px 20px;\n}\n<\/style>\n<div  class='flex_column av-d3kd2u-1ba5cbc23513a83266a0e01fd04abea6 av_one_fifth  avia-builder-el-1  el_before_av_three_fifth  avia-builder-el-first  first flex_column_div av-animated-generic right-to-left  '     ><\/div>\n<style type=\"text\/css\" data-created_by=\"avia_inline_auto\" id=\"style-css-av-cxkf5q-8cd7c05ebd748cef2468940fb29b5d30\">\n.flex_column.av-cxkf5q-8cd7c05ebd748cef2468940fb29b5d30{\nborder-radius:0px 0px 0px 0px;\npadding:20px 20px 20px 20px;\n}\n<\/style>\n<div  class='flex_column av-cxkf5q-8cd7c05ebd748cef2468940fb29b5d30 av_three_fifth  avia-builder-el-2  el_after_av_one_fifth  el_before_av_one_fifth  flex_column_div av-animated-generic top-to-bottom  '     ><p>\n<style type=\"text\/css\" data-created_by=\"avia_inline_auto\" id=\"style-css-av-csfzhy-5b23da26c0378c50995dbc309f09c536\">\n#top .av-special-heading.av-csfzhy-5b23da26c0378c50995dbc309f09c536{\npadding-bottom:0;\nfont-size:65px;\n}\nbody .av-special-heading.av-csfzhy-5b23da26c0378c50995dbc309f09c536 .av-special-heading-tag .heading-char{\nfont-size:25px;\n}\n#top #wrap_all .av-special-heading.av-csfzhy-5b23da26c0378c50995dbc309f09c536 .av-special-heading-tag{\nfont-size:65px;\n}\n.av-special-heading.av-csfzhy-5b23da26c0378c50995dbc309f09c536 .av-subheading{\nfont-size:15px;\n}\n\n@media only screen and (min-width: 480px) and (max-width: 767px){ \n#top #wrap_all .av-special-heading.av-csfzhy-5b23da26c0378c50995dbc309f09c536 .av-special-heading-tag{\nfont-size:0.8em;\n}\n}\n\n@media only screen and (max-width: 479px){ \n#top #wrap_all .av-special-heading.av-csfzhy-5b23da26c0378c50995dbc309f09c536 .av-special-heading-tag{\nfont-size:0.8em;\n}\n}\n<\/style>\n<div  class='av-special-heading av-csfzhy-5b23da26c0378c50995dbc309f09c536 av-special-heading-h3 blockquote modern-quote modern-centered  avia-builder-el-3  el_before_av_hr  avia-builder-el-first  av-inherit-size'><h3 class='av-special-heading-tag '  itemprop=\"headline\"  >Tero ja Helj\u00e4 t\u00e4ss\u00e4 hei!<\/h3><div class=\"special-heading-border\"><div class=\"special-heading-inner-border\"><\/div><\/div><\/div><br \/>\n<div  class='hr av-ofk3-c0a9dccb6ed551106ae1e28b5e5887f0 hr-default  avia-builder-el-4  el_after_av_heading  el_before_av_textblock '><span class='hr-inner '><span class=\"hr-inner-style\"><\/span><\/span><\/div><br \/>\n<section  class='av_textblock_section av-mm7j0cio-381a8be95e4692cf1aae07a87344b547 '   itemscope=\"itemscope\" itemtype=\"https:\/\/schema.org\/CreativeWork\" ><div class='avia_textblock'  itemprop=\"text\" ><p style=\"font-weight: 400; text-align: center;\">Dynaaminen duo, Tehokaksikko, Is\u00e4nn\u00f6itsij\u00e4pariskunta \u2013 tyk\u00e4tyll\u00e4 is\u00e4nn\u00f6itsij\u00e4ll\u00e4 on monta nime\u00e4.<\/p>\n<\/div><\/section><br \/>\n<div  class='hr av-avgir-02d9307ef314021db6896bc69f00f089 hr-default  avia-builder-el-6  el_after_av_textblock  avia-builder-el-last '><span class='hr-inner '><span class=\"hr-inner-style\"><\/span><\/span><\/div><\/p><\/div>\n<style type=\"text\/css\" data-created_by=\"avia_inline_auto\" id=\"style-css-av-c6xq1i-6fe15beb1bbb578bba22f067ad8be1a7\">\n.flex_column.av-c6xq1i-6fe15beb1bbb578bba22f067ad8be1a7{\nborder-radius:0px 0px 0px 0px;\npadding:20px 20px 20px 20px;\n}\n<\/style>\n<div  class='flex_column av-c6xq1i-6fe15beb1bbb578bba22f067ad8be1a7 av_one_fifth  avia-builder-el-7  el_after_av_three_fifth  avia-builder-el-last  flex_column_div av-animated-generic right-to-left  '     ><\/div>\n\n<\/div><\/div><\/main><!-- close content main element --><\/div><div class='av-extra-border-element border-extra-diagonal  diagonal-box-shadow'><div class='av-extra-border-outer'><div class='av-extra-border-inner'><\/div><\/div><\/div><\/div><\/div>\n<style type=\"text\/css\" data-created_by=\"avia_inline_auto\" id=\"style-css-av-c27v2m-a7251afd7190f68a4ced0f58aff6fe66\">\n.avia-section.av-c27v2m-a7251afd7190f68a4ced0f58aff6fe66{\nbackground-color:#f8f8f8;\nbackground-image:unset;\n}\n.avia-section.av-c27v2m-a7251afd7190f68a4ced0f58aff6fe66 .av-extra-border-element .av-extra-border-inner{\nbackground-color:#ffffff;\n}\n<\/style>\n<div id='service'  class='avia-section av-c27v2m-a7251afd7190f68a4ced0f58aff6fe66 main_color avia-section-large avia-no-border-styling  avia-builder-el-8  el_after_av_section  el_before_av_section  avia-bg-style-scroll container_wrap fullsize'  ><div class='container av-section-cont-open' ><div class='template-page content  av-content-full alpha units'><div class='post-entry post-entry-type-page post-entry-907'><div class='entry-content-wrapper clearfix'>\n\n<style type=\"text\/css\" data-created_by=\"avia_inline_auto\" id=\"style-css-av-16u2ti-7be41231565974b5b11aee688973bf34\">\n.flex_column.av-16u2ti-7be41231565974b5b11aee688973bf34{\nborder-radius:0px 0px 0px 0px;\npadding:0px 0px 0px 0px;\n}\n<\/style>\n<div  class='flex_column av-16u2ti-7be41231565974b5b11aee688973bf34 av_one_half  avia-builder-el-9  el_before_av_one_half  avia-builder-el-first  first flex_column_div av-animated-generic right-to-left av-zero-column-padding  '     ><p>\n<style type=\"text\/css\" data-created_by=\"avia_inline_auto\" id=\"style-css-av-bhyhcu-e34497be53c138d37f9d6cc85647df19\">\n#top .hr.hr-invisible.av-bhyhcu-e34497be53c138d37f9d6cc85647df19{\nheight:20px;\n}\n<\/style>\n<div  class='hr av-bhyhcu-e34497be53c138d37f9d6cc85647df19 hr-invisible  avia-builder-el-10  el_before_av_textblock  avia-builder-el-first '><span class='hr-inner '><span class=\"hr-inner-style\"><\/span><\/span><\/div><br \/>\n<section  class='av_textblock_section av-bdkmhi-c30e2474036a2c47714efed7d1fd6fa9 '   itemscope=\"itemscope\" itemtype=\"https:\/\/schema.org\/CreativeWork\" ><div class='avia_textblock'  itemprop=\"text\" ><p>Olemme t\u00e4yden palvelun is\u00e4nn\u00f6intitoimisto ja huolehtineet taloyhti\u00f6ist\u00e4mme jo l\u00e4hes 20 vuoden ajan. Meill\u00e4 on vahva hallinnollinen, taloudellinen, tekninen ja juridinen osaaminen taloyhti\u00f6n asioissa mutta mik\u00e4 t\u00e4rkeint\u00e4, meill\u00e4 on aikaa. Otamme hoidettavaksemme vain kohtuullisen m\u00e4\u00e4r\u00e4n taloyhti\u00f6it\u00e4 ja n\u00e4in varmistamme, ett\u00e4 meill\u00e4 on riitt\u00e4v\u00e4t resurssit hoitaa kunkin taloyhti\u00f6n asiat huolella.<\/p>\n<p>Asiakkainamme on kaikenlaisia asunto-osakeyhti\u00f6it\u00e4 ik\u00e4\u00e4n, kokoon ja sijaintiin katsomatta, Espoon l\u00e4nsilaidalta Helsinkiin ja aina Sipooseen ja Tuusulaan saakka. Meille ovat tuttuja uudiskohteet, erilaiset tonttij\u00e4rjestelyt, taloyhti\u00f6iden v\u00e4liset vaativatkin yhteisj\u00e4rjestelysopimukset sek\u00e4 kaikenlaiset korjaushankkeet mittavista linjasaneerauksista pieniin pintaremontteihin.<\/p>\n<\/div><\/section><\/p><\/div>\n<style type=\"text\/css\" data-created_by=\"avia_inline_auto\" id=\"style-css-av-11ycfi-7a1f3c7b9fd1738a6cc11895844055c0\">\n.flex_column.av-11ycfi-7a1f3c7b9fd1738a6cc11895844055c0{\nborder-radius:0px 0px 0px 0px;\npadding:0px 0px 0px 0px;\n}\n<\/style>\n<div  class='flex_column av-11ycfi-7a1f3c7b9fd1738a6cc11895844055c0 av_one_half  avia-builder-el-12  el_after_av_one_half  avia-builder-el-last  flex_column_div av-animated-generic right-to-left av-zero-column-padding  '     ><p>\n<style type=\"text\/css\" data-created_by=\"avia_inline_auto\" id=\"style-css-av-awfzk-c95a040fb449d76bffffefcd228cd6aa\">\n#top .hr.hr-invisible.av-awfzk-c95a040fb449d76bffffefcd228cd6aa{\nheight:20px;\n}\n<\/style>\n<div  class='hr av-awfzk-c95a040fb449d76bffffefcd228cd6aa hr-invisible  avia-builder-el-13  el_before_av_textblock  avia-builder-el-first '><span class='hr-inner '><span class=\"hr-inner-style\"><\/span><\/span><\/div><br \/>\n<section  class='av_textblock_section av-mkvdxzaa-ed2580c6df08c2a5668b132f8ccd07f8 '   itemscope=\"itemscope\" itemtype=\"https:\/\/schema.org\/CreativeWork\" ><div class='avia_textblock'  itemprop=\"text\" ><p style=\"font-weight: 400;\">Olemme ammattitaitoisia, aktiivisia ja omistautuvia tekij\u00f6it\u00e4. Meille on itsest\u00e4\u00e4nselvyys, ett\u00e4 taloyhti\u00f6idemme talous on vakaalla pohjalla ja rakennusten kunnossapidosta huolehditaan ennakoivasti. Pid\u00e4mme itsemme ajan tasalla taloyhti\u00f6it\u00e4 koskevaan s\u00e4\u00e4ntelyyn, hallintoon ja korjausrakentamiseen liittyvist\u00e4 muutoksista sek\u00e4 muista ajankohtaisista asioista.<\/p>\n<p>Taloyhti\u00f6n hallituksen n\u00e4k\u00f6kulmasta is\u00e4nn\u00f6itsij\u00e4n rooli taloyhti\u00f6ss\u00e4 on mielest\u00e4mme toimia hallituksen sparraajana: is\u00e4nn\u00f6itsij\u00e4 toimii asiantuntijana sek\u00e4 ohjaa ja opastaa hallitusta p\u00e4\u00e4t\u00f6ksenteossa. Yhdess\u00e4 osaavan is\u00e4nn\u00f6itsij\u00e4n kanssa taloyhti\u00f6n hallituksessa toimiminen on tehokasta, aikaansaavaa ja turvallista.<\/p>\n<\/div><\/section><\/p><\/div><\/div><\/div><\/div><!-- close content main div --><\/div><div class='av-extra-border-element border-extra-diagonal border-extra-diagonal-inverse '><div class='av-extra-border-outer'><div class='av-extra-border-inner'><\/div><\/div><\/div><\/div><div id='av_section_3'  class='avia-section av-xg70b-da3dc5d14a4b16f054f8b44b443af972 main_color avia-section-default avia-no-border-styling  avia-builder-el-15  el_after_av_section  el_before_av_one_fourth  avia-bg-style-scroll container_wrap fullsize'  ><div class='container av-section-cont-open' ><div class='template-page content  av-content-full alpha units'><div class='post-entry post-entry-type-page post-entry-907'><div class='entry-content-wrapper clearfix'>\n\n<style type=\"text\/css\" data-created_by=\"avia_inline_auto\" id=\"style-css-av-mm7l1280-6aee9eeb0971db7c98afd1cc9468912e\">\n#top .av_textblock_section.av-mm7l1280-6aee9eeb0971db7c98afd1cc9468912e .avia_textblock{\ntext-align:center;\n}\n<\/style>\n<section  class='av_textblock_section av-mm7l1280-6aee9eeb0971db7c98afd1cc9468912e '   itemscope=\"itemscope\" itemtype=\"https:\/\/schema.org\/CreativeWork\" ><div class='avia_textblock'  itemprop=\"text\" ><h3>Kiinnostuitko? <a href=\"https:\/\/linnanjarvi.fi\/?page_id=912\">Ota rohkeasti yhteytt\u00e4<\/a>, niin keskustellaan lis\u00e4\u00e4.<\/h3>\n<\/div><\/section>\n<\/div><\/div><\/div><!-- close content main div --><\/div><\/div><div id='after_section_3'  class='main_color av_default_container_wrap container_wrap fullsize'  ><div class='container av-section-cont-open' ><div class='template-page content  av-content-full alpha units'><div class='post-entry post-entry-type-page post-entry-907'><div class='entry-content-wrapper clearfix'><\/p>\n<div  class='flex_column av-s2wob-00fe56243318c3f24c474e5a7ba0d9bf av_one_fourth  avia-builder-el-17  el_after_av_section  el_before_av_one_fourth  avia-builder-el-first  first flex_column_div  '     ><article  class='iconbox iconbox_top av-mm7kbe0m-7d7f55daca92cf049afe2f5277cf2b66  avia-builder-el-18  avia-builder-el-no-sibling  main_color'  itemscope=\"itemscope\" itemtype=\"https:\/\/schema.org\/CreativeWork\" ><div class=\"iconbox_content\"><header class=\"entry-content-header\" aria-label=\"Icon: Itsen\u00e4inen perheyritys\"><div class='iconbox_icon heading-color avia-iconfont avia-font-flaticon' data-av_icon='\uf237' data-av_iconfont='flaticon'  ><\/div><h3 class='iconbox_content_title '  itemprop=\"headline\" >Itsen\u00e4inen perheyritys<\/h3><\/header><div class='iconbox_content_container '  itemprop=\"text\" ><\/div><\/div><footer class=\"entry-footer\"><\/footer><\/article><\/div>\n<div  class='flex_column av-imvxn-28b7f7e3978d656660b0dd8c3b46f9e9 av_one_fourth  avia-builder-el-19  el_after_av_one_fourth  el_before_av_one_fourth  flex_column_div  '     ><article  class='iconbox iconbox_top av-mm7kju3i-a870a7a14cfdf63939eca4477812825a  avia-builder-el-20  avia-builder-el-no-sibling  main_color'  itemscope=\"itemscope\" itemtype=\"https:\/\/schema.org\/CreativeWork\" ><div class=\"iconbox_content\"><header class=\"entry-content-header\" aria-label=\"Icon: Luotettava ja toimelias\"><div class='iconbox_icon heading-color avia-iconfont avia-font-flaticon' data-av_icon='\uf237' data-av_iconfont='flaticon'  ><\/div><h3 class='iconbox_content_title '  itemprop=\"headline\" >Luotettava ja toimelias<\/h3><\/header><div class='iconbox_content_container '  itemprop=\"text\" ><\/div><\/div><footer class=\"entry-footer\"><\/footer><\/article><\/div>\n<div  class='flex_column av-claln-569ad0881391e5f5aee232aaaf2fe579 av_one_fourth  avia-builder-el-21  el_after_av_one_fourth  el_before_av_one_fourth  flex_column_div  '     ><article  class='iconbox iconbox_top av-mm7kkkla-fb5be67e61c005001733148805b5caff  avia-builder-el-22  avia-builder-el-no-sibling  main_color'  itemscope=\"itemscope\" itemtype=\"https:\/\/schema.org\/CreativeWork\" ><div class=\"iconbox_content\"><header class=\"entry-content-header\" aria-label=\"Icon: Reilu ja selke\u00e4 hinnoittelu\"><div class='iconbox_icon heading-color avia-iconfont avia-font-flaticon' data-av_icon='\uf237' data-av_iconfont='flaticon'  ><\/div><h3 class='iconbox_content_title '  itemprop=\"headline\" >Reilu ja selke\u00e4 hinnoittelu<\/h3><\/header><div class='iconbox_content_container '  itemprop=\"text\" ><\/div><\/div><footer class=\"entry-footer\"><\/footer><\/article><\/div>\n<div  class='flex_column av-9wraj-ecc9a632a0f51221faeb2eabfcd0ad67 av_one_fourth  avia-builder-el-23  el_after_av_one_fourth  avia-builder-el-last  flex_column_div  '     ><article  class='iconbox iconbox_top av-mm7klm3p-ca42845a946d550f97a9cce5631d5b92  avia-builder-el-24  avia-builder-el-no-sibling  main_color'  itemscope=\"itemscope\" itemtype=\"https:\/\/schema.org\/CreativeWork\" ><div class=\"iconbox_content\"><header class=\"entry-content-header\" aria-label=\"Icon: Toiminnan ja taloudenpidon l\u00e4pin\u00e4kyvyys\"><div class='iconbox_icon heading-color avia-iconfont avia-font-flaticon' data-av_icon='\uf237' data-av_iconfont='flaticon'  ><\/div><h3 class='iconbox_content_title '  itemprop=\"headline\" >Toiminnan ja taloudenpidon l\u00e4pin\u00e4kyvyys<\/h3><\/header><div class='iconbox_content_container '  itemprop=\"text\" ><\/div><\/div><footer class=\"entry-footer\"><\/footer><\/article><\/div>\n","protected":false},"excerpt":{"rendered":"","protected":false},"author":2,"featured_media":0,"parent":0,"menu_order":0,"comment_status":"open","ping_status":"closed","template":"","meta":{"footnotes":""},"class_list":["post-907","page","type-page","status-publish","hentry"],"_links":{"self":[{"href":"https:\/\/linnanjarvi.fi\/index.php?rest_route=\/wp\/v2\/pages\/907","targetHints":{"allow":["GET"]}}],"collection":[{"href":"https:\/\/linnanjarvi.fi\/index.php?rest_route=\/wp\/v2\/pages"}],"about":[{"href":"https:\/\/linnanjarvi.fi\/index.php?rest_route=\/wp\/v2\/types\/page"}],"author":[{"embeddable":true,"href":"https:\/\/linnanjarvi.fi\/index.php?rest_route=\/wp\/v2\/users\/2"}],"replies":[{"embeddable":true,"href":"https:\/\/linnanjarvi.fi\/index.php?rest_route=%2Fwp%2Fv2%2Fcomments&post=907"}],"version-history":[{"count":15,"href":"https:\/\/linnanjarvi.fi\/index.php?rest_route=\/wp\/v2\/pages\/907\/revisions"}],"predecessor-version":[{"id":1119,"href":"https:\/\/linnanjarvi.fi\/index.php?rest_route=\/wp\/v2\/pages\/907\/revisions\/1119"}],"wp:attachment":[{"href":"https:\/\/linnanjarvi.fi\/index.php?rest_route=%2Fwp%2Fv2%2Fmedia&parent=907"}],"curies":[{"name":"wp","href":"https:\/\/api.w.org\/{rel}","templated":true}]}}