{"id":912,"date":"2026-03-01T17:15:31","date_gmt":"2026-03-01T15:15:31","guid":{"rendered":"https:\/\/linnanjarvi.fi\/?page_id=912"},"modified":"2026-03-06T09:10:00","modified_gmt":"2026-03-06T07:10:00","slug":"home-2-2-2-2-2-2","status":"publish","type":"page","link":"https:\/\/linnanjarvi.fi\/?page_id=912","title":{"rendered":"Tarjouspyynt\u00f6"},"content":{"rendered":"\n<style type=\"text\/css\" data-created_by=\"avia_inline_auto\" id=\"style-css-av-dbfgfq-fa870d1d7938264c14ffe310ba9e307a\">\n.avia-section.av-dbfgfq-fa870d1d7938264c14ffe310ba9e307a{\nbackground-color:#ffffff;\nbackground-image:url(https:\/\/linnanjarvi.fi\/wp-content\/uploads\/2015\/07\/laptop-white.jpg);\nbackground-repeat:no-repeat;\nbackground-position:0% 0%;\nbackground-attachment:fixed;\n}\n.avia-section.av-dbfgfq-fa870d1d7938264c14ffe310ba9e307a .av-extra-border-element .av-extra-border-inner{\nbackground-color:#f8f8f8;\n}\n<\/style>\n<div id='av_section_1'  class='avia-section av-dbfgfq-fa870d1d7938264c14ffe310ba9e307a main_color avia-section-large avia-no-border-styling  avia-builder-el-0  el_before_av_section  avia-builder-el-first  avia-full-stretch avia-bg-style-fixed container_wrap fullsize'  data-section-bg-repeat='stretch'><div class=\"av-section-color-overlay-wrap\"><a href='#next-section' title='' class='scroll-down-link  avia-svg-icon avia-font-svg_entypo-fontello' data-av_svg_icon='down-open-mini' data-av_iconset='svg_entypo-fontello'><svg version=\"1.1\" xmlns=\"http:\/\/www.w3.org\/2000\/svg\" width=\"15\" height=\"32\" viewBox=\"0 0 15 32\" preserveAspectRatio=\"xMidYMid meet\" aria-labelledby='av-svg-title-1' aria-describedby='av-svg-desc-1' role=\"graphics-symbol\" aria-hidden=\"true\">\n<title id='av-svg-title-1'>Scroll to next section<\/title>\n<desc id='av-svg-desc-1'>Scroll to next section<\/desc>\n<path d=\"M12.96 12.16q0.704-0.832 1.536 0 0.832 0.704 0 1.536l-6.272 6.144q-0.704 0.704-1.536 0l-6.272-6.144q-0.832-0.832 0-1.536 0.768-0.768 1.6 0l5.44 4.992z\"><\/path>\n<\/svg><\/a><div class='container av-section-cont-open' ><main  role=\"main\" itemprop=\"mainContentOfPage\"  class='template-page content  av-content-full alpha units'><div class='post-entry post-entry-type-page post-entry-912'><div class='entry-content-wrapper clearfix'>\n\n<style type=\"text\/css\" data-created_by=\"avia_inline_auto\" id=\"style-css-av-d3kd2u-1ba5cbc23513a83266a0e01fd04abea6\">\n.flex_column.av-d3kd2u-1ba5cbc23513a83266a0e01fd04abea6{\nborder-radius:0px 0px 0px 0px;\npadding:20px 20px 20px 20px;\n}\n<\/style>\n<div  class='flex_column av-d3kd2u-1ba5cbc23513a83266a0e01fd04abea6 av_one_fifth  avia-builder-el-1  el_before_av_three_fifth  avia-builder-el-first  first flex_column_div av-animated-generic right-to-left  '     ><\/div>\n<style type=\"text\/css\" data-created_by=\"avia_inline_auto\" id=\"style-css-av-cxkf5q-8cd7c05ebd748cef2468940fb29b5d30\">\n.flex_column.av-cxkf5q-8cd7c05ebd748cef2468940fb29b5d30{\nborder-radius:0px 0px 0px 0px;\npadding:20px 20px 20px 20px;\n}\n<\/style>\n<div  class='flex_column av-cxkf5q-8cd7c05ebd748cef2468940fb29b5d30 av_three_fifth  avia-builder-el-2  el_after_av_one_fifth  el_before_av_one_fifth  flex_column_div av-animated-generic top-to-bottom  '     ><p>\n<style type=\"text\/css\" data-created_by=\"avia_inline_auto\" id=\"style-css-av-csfzhy-2848f053667929563c93ab2696bafb4d\">\n#top .av-special-heading.av-csfzhy-2848f053667929563c93ab2696bafb4d{\npadding-bottom:0;\nfont-size:65px;\n}\nbody .av-special-heading.av-csfzhy-2848f053667929563c93ab2696bafb4d .av-special-heading-tag .heading-char{\nfont-size:25px;\n}\n#top #wrap_all .av-special-heading.av-csfzhy-2848f053667929563c93ab2696bafb4d .av-special-heading-tag{\nfont-size:65px;\n}\n.av-special-heading.av-csfzhy-2848f053667929563c93ab2696bafb4d .av-subheading{\nfont-size:15px;\n}\n\n@media only screen and (min-width: 480px) and (max-width: 767px){ \n#top #wrap_all .av-special-heading.av-csfzhy-2848f053667929563c93ab2696bafb4d .av-special-heading-tag{\nfont-size:0.8em;\n}\n}\n\n@media only screen and (max-width: 479px){ \n#top #wrap_all .av-special-heading.av-csfzhy-2848f053667929563c93ab2696bafb4d .av-special-heading-tag{\nfont-size:0.8em;\n}\n}\n<\/style>\n<div  class='av-special-heading av-csfzhy-2848f053667929563c93ab2696bafb4d av-special-heading-h3 blockquote modern-quote modern-centered  avia-builder-el-3  el_before_av_hr  avia-builder-el-first  av-inherit-size'><h3 class='av-special-heading-tag '  itemprop=\"headline\"  >Tarjouspyynt\u00f6<\/h3><div class=\"special-heading-border\"><div class=\"special-heading-inner-border\"><\/div><\/div><\/div><br \/>\n<div  class='hr av-7kws0-82d6dd947e2361782cab91a9f3ce4589 hr-default  avia-builder-el-4  el_after_av_heading  el_before_av_textblock '><span class='hr-inner '><span class=\"hr-inner-style\"><\/span><\/span><\/div><br \/>\n<section  class='av_textblock_section av-mm7jte8f-d845c2c9b508f926ddf580c2d56d041e '   itemscope=\"itemscope\" itemtype=\"https:\/\/schema.org\/CreativeWork\" ><div class='avia_textblock'  itemprop=\"text\" ><p style=\"text-align: center;\">Emme ole vuoden is\u00e4nn\u00f6intitoimisto vaan t\u00e4ht\u00e4\u00e4mme aina pitk\u00e4aikaiseen asiakassuhteeseen ja koemme, ett\u00e4 saavutamme sen parhaiten tarjoamalla palvelua, joka ylitt\u00e4\u00e4 sen mit\u00e4 meilt\u00e4 odotetaan.<\/p>\n<\/div><\/section><br \/>\n\n<style type=\"text\/css\" data-created_by=\"avia_inline_auto\" id=\"style-css-av-mksoeneq-10a3558e23ef06d874f19a8a69fef6fd\">\n#top .hr.hr-invisible.av-mksoeneq-10a3558e23ef06d874f19a8a69fef6fd{\nheight:50px;\n}\n<\/style>\n<div  class='hr av-mksoeneq-10a3558e23ef06d874f19a8a69fef6fd hr-invisible  avia-builder-el-6  el_after_av_textblock  avia-builder-el-last '><span class='hr-inner '><span class=\"hr-inner-style\"><\/span><\/span><\/div><\/p><\/div>\n<style type=\"text\/css\" data-created_by=\"avia_inline_auto\" id=\"style-css-av-c6xq1i-6fe15beb1bbb578bba22f067ad8be1a7\">\n.flex_column.av-c6xq1i-6fe15beb1bbb578bba22f067ad8be1a7{\nborder-radius:0px 0px 0px 0px;\npadding:20px 20px 20px 20px;\n}\n<\/style>\n<div  class='flex_column av-c6xq1i-6fe15beb1bbb578bba22f067ad8be1a7 av_one_fifth  avia-builder-el-7  el_after_av_three_fifth  avia-builder-el-last  flex_column_div av-animated-generic right-to-left  '     ><\/div>\n\n<\/div><\/div><\/main><!-- close content main element --><\/div><div class='av-extra-border-element border-extra-diagonal  diagonal-box-shadow'><div class='av-extra-border-outer'><div class='av-extra-border-inner'><\/div><\/div><\/div><\/div><\/div>\n<style type=\"text\/css\" data-created_by=\"avia_inline_auto\" id=\"style-css-av-c27v2m-a7251afd7190f68a4ced0f58aff6fe66\">\n.avia-section.av-c27v2m-a7251afd7190f68a4ced0f58aff6fe66{\nbackground-color:#f8f8f8;\nbackground-image:unset;\n}\n.avia-section.av-c27v2m-a7251afd7190f68a4ced0f58aff6fe66 .av-extra-border-element .av-extra-border-inner{\nbackground-color:#ffffff;\n}\n<\/style>\n<div id='service'  class='avia-section av-c27v2m-a7251afd7190f68a4ced0f58aff6fe66 main_color avia-section-large avia-no-border-styling  avia-builder-el-8  el_after_av_section  el_before_av_section  avia-bg-style-scroll container_wrap fullsize'  ><div class='container av-section-cont-open' ><div class='template-page content  av-content-full alpha units'><div class='post-entry post-entry-type-page post-entry-912'><div class='entry-content-wrapper clearfix'>\n\n<style type=\"text\/css\" data-created_by=\"avia_inline_auto\" id=\"style-css-av-16u2ti-7be41231565974b5b11aee688973bf34\">\n.flex_column.av-16u2ti-7be41231565974b5b11aee688973bf34{\nborder-radius:0px 0px 0px 0px;\npadding:0px 0px 0px 0px;\n}\n<\/style>\n<div  class='flex_column av-16u2ti-7be41231565974b5b11aee688973bf34 av_one_half  avia-builder-el-9  el_before_av_one_fourth  avia-builder-el-first  first flex_column_div av-animated-generic right-to-left av-zero-column-padding  '     ><section  class='av_textblock_section av-bdkmhi-c30e2474036a2c47714efed7d1fd6fa9 '   itemscope=\"itemscope\" itemtype=\"https:\/\/schema.org\/CreativeWork\" ><div class='avia_textblock'  itemprop=\"text\" ><h1>Pyyd\u00e4 taloyhti\u00f6llesi tarjous is\u00e4nn\u00f6innist\u00e4<\/h1>\n<p>Ehk\u00e4 hieman parempaa, kenties samalla rahalla? Keskustelemme mielell\u00e4mme kanssasi ja kerromme itsest\u00e4mme lis\u00e4\u00e4, joten ota ihmeess\u00e4 yhteytt\u00e4. Se ei maksa sinulle mit\u00e4\u00e4n mutta se voi olla alku mukavalle ja aikaansaavalle yhteisty\u00f6lle. K\u00e4sittelemme kaikki tarjouspyynn\u00f6t luottamuksellisina.<\/p>\n<\/div><\/section><br \/>\n\n<style type=\"text\/css\" data-created_by=\"avia_inline_auto\" id=\"style-css-av-7s7tb-745dd62a533dc1c9b7de4043489bca3d\">\n#top .hr.hr-invisible.av-7s7tb-745dd62a533dc1c9b7de4043489bca3d{\nheight:50px;\n}\n<\/style>\n<div  class='hr av-7s7tb-745dd62a533dc1c9b7de4043489bca3d hr-invisible  avia-builder-el-11  el_after_av_textblock  avia-builder-el-last '><span class='hr-inner '><span class=\"hr-inner-style\"><\/span><\/span><\/div><\/p><\/div><div  class='flex_column av-awnqg-02751c8b7c97e474262cf5376932e4d1 av_one_fourth  avia-builder-el-12  el_after_av_one_half  el_before_av_one_fourth  flex_column_div  '     ><\/div>\n<style type=\"text\/css\" data-created_by=\"avia_inline_auto\" id=\"style-css-av-2ygc5-6663dd73047e02c29dd9b0c1f1b1fe94\">\n.flex_column.av-2ygc5-6663dd73047e02c29dd9b0c1f1b1fe94{\nborder-radius:0px 0px 0px 0px;\npadding:0px 0px 0px 0px;\n}\n<\/style>\n<div  class='flex_column av-2ygc5-6663dd73047e02c29dd9b0c1f1b1fe94 av_one_fourth  avia-builder-el-13  el_after_av_one_fourth  avia-builder-el-last  flex_column_div av-animated-generic right-to-left av-zero-column-padding  '     ><section  class='av_textblock_section av-mktlihzp-86faf5190567b8dc22399aa056d41e17 '   itemscope=\"itemscope\" itemtype=\"https:\/\/schema.org\/CreativeWork\" ><div class='avia_textblock'  itemprop=\"text\" ><\/div><\/section><\/div>\n\n<\/div><\/div><\/div><!-- close content main div --><\/div><div class='av-extra-border-element border-extra-diagonal border-extra-diagonal-inverse '><div class='av-extra-border-outer'><div class='av-extra-border-inner'><\/div><\/div><\/div><\/div>\n<style type=\"text\/css\" data-created_by=\"avia_inline_auto\" id=\"style-css-av-10wdhi-26a7ea63866d911c3bdb63bcd620b5ca\">\n.avia-section.av-10wdhi-26a7ea63866d911c3bdb63bcd620b5ca .av-extra-border-element .av-extra-border-inner{\nbackground-color:#f8f8f8;\n}\n<\/style>\n<div id='av_section_3'  class='avia-section av-10wdhi-26a7ea63866d911c3bdb63bcd620b5ca main_color avia-section-large avia-no-border-styling  avia-builder-el-15  el_after_av_section  avia-builder-el-last  avia-bg-style-scroll container_wrap fullsize'  ><div class='container av-section-cont-open' ><div class='template-page content  av-content-full alpha units'><div class='post-entry post-entry-type-page post-entry-912'><div class='entry-content-wrapper clearfix'>\n<div  class='flex_column av-ni2vp-57d27b76c688a5e4e589fd4713303600 av_one_fifth  avia-builder-el-16  el_before_av_three_fifth  avia-builder-el-first  first flex_column_div  '     ><\/div>\n<style type=\"text\/css\" data-created_by=\"avia_inline_auto\" id=\"style-css-av-11ycfi-b833fa038836f1e973e1835768d1893b\">\n.flex_column.av-11ycfi-b833fa038836f1e973e1835768d1893b{\nborder-radius:0px 0px 0px 0px;\npadding:0px 0px 0px 0px;\n}\n<\/style>\n<div  class='flex_column av-11ycfi-b833fa038836f1e973e1835768d1893b av_three_fifth  avia-builder-el-17  el_after_av_one_fifth  el_before_av_one_fifth  flex_column_div av-animated-generic right-to-left av-zero-column-padding  '     ><form action=\"https:\/\/linnanjarvi.fi\/?page_id=912\" method=\"post\" data-fields-with-error=\"Found errors in the following field(s):\" class=\"avia_ajax_form av-form-labels-hidden   avia-builder-el-18  avia-builder-el-no-sibling  av-show-form-errors   \" data-avia-form-id=\"1\" data-avia-redirect=''  aria-label='Contact Form' ><fieldset><p class='  first_form  form_element form_fullwidth' id='element_avia_1_1'><label for=\"avia_1_1\">Taloyhti\u00f6n nimi <abbr class=\"required\" title=\"required\">*<\/abbr><\/label> <input name=\"avia_1_1\" class=\"text_input is_empty\" type=\"text\" id=\"avia_1_1\" value=\"\"  placeholder='Taloyhti\u00f6n nimi*'\/><\/p><p class='  first_form  form_element form_fullwidth' id='element_avia_2_1'><label for=\"avia_2_1\">Taloyhti\u00f6n katuosoite <abbr class=\"required\" title=\"required\">*<\/abbr><\/label> <input name=\"avia_2_1\" class=\"text_input is_empty\" type=\"text\" id=\"avia_2_1\" value=\"\"  placeholder='Taloyhti\u00f6n katuosoite*'\/><\/p><p class='  first_form  form_element form_fullwidth' id='element_avia_3_1'><label for=\"avia_3_1\">Postinumero ja -paikka <abbr class=\"required\" title=\"required\">*<\/abbr><\/label> <input name=\"avia_3_1\" class=\"text_input is_empty\" type=\"text\" id=\"avia_3_1\" value=\"\"  placeholder='Postinumero ja -paikka*'\/><\/p><p class='  first_form  form_element form_fullwidth' id='element_avia_4_1'><label for=\"avia_4_1\">Rakennusvuosi<\/label> <input name=\"avia_4_1\" class=\"text_input \" type=\"text\" id=\"avia_4_1\" value=\"\"  placeholder='Rakennusvuosi'\/><\/p><p class='  first_form  form_element form_fullwidth' id='element_avia_5_1'><label for=\"avia_5_1\">Asuinhuoneistojen lukum\u00e4\u00e4r\u00e4<\/label> <input name=\"avia_5_1\" class=\"text_input \" type=\"text\" id=\"avia_5_1\" value=\"\"  placeholder='Asuinhuoneistojen lukum\u00e4\u00e4r\u00e4'\/><\/p><p class='  first_form  form_element form_fullwidth' id='element_avia_6_1'><label for=\"avia_6_1\">Yhteyshenkil\u00f6 ja rooli taloyhti\u00f6ss\u00e4 <abbr class=\"required\" title=\"required\">*<\/abbr><\/label> <input name=\"avia_6_1\" class=\"text_input is_empty\" type=\"text\" id=\"avia_6_1\" value=\"\"  placeholder='Yhteyshenkil\u00f6 ja rooli taloyhti\u00f6ss\u00e4*'\/><\/p><p class='  first_form  form_element form_fullwidth' id='element_avia_7_1'><label for=\"avia_7_1\">Puhelin <abbr class=\"required\" title=\"required\">*<\/abbr><\/label> <input name=\"avia_7_1\" class=\"text_input is_empty\" type=\"text\" id=\"avia_7_1\" value=\"\"  placeholder='Puhelin*'\/><\/p><p class='  first_form  form_element form_fullwidth' id='element_avia_8_1'><label for=\"avia_8_1\">S\u00e4hk\u00f6postiosoite <abbr class=\"required\" title=\"required\">*<\/abbr><\/label> <input name=\"avia_8_1\" class=\"text_input is_email\" type=\"text\" id=\"avia_8_1\" value=\"\"  placeholder='S\u00e4hk\u00f6postiosoite*'\/><\/p><p class='  first_form  form_element form_fullwidth' id='element_avia_9_1'><label for=\"avia_9_1\" class=\"textare_label hidden textare_label_avia_9_1\">Muuta tarpeellista tietoa<\/label><textarea  placeholder='Muuta tarpeellista tietoa' name=\"avia_9_1\" class=\"text_area \" cols=\"40\" rows=\"7\" id=\"avia_9_1\" ><\/textarea><\/p><p class='  first_form  form_element form_fullwidth av-last-visible-form-element' id='element_avia_10_1'><label for=\"avia_10_1\">Haluaisimme tarjouksen viimeist\u00e4\u00e4n<\/label> <input name=\"avia_10_1\" class=\"avia_datepicker text_input \" type=\"text\" id=\"avia_10_1\" value=\"\" placeholder=\"Haluaisimme tarjouksen viimeist\u00e4\u00e4n\" inputmode=\"none\" \/><\/p><p class=\"hidden\"><input type=\"text\" name=\"avia_11_1\" class=\"hidden \" id=\"avia_11_1\" value=\"\" \/><\/p><p class=\"form_element \"><input type=\"hidden\" value=\"1\" name=\"avia_generated_form1\" \/><input type=\"submit\" value=\"L\u00e4het\u00e4 tarjouspyynt\u00f6\" class=\"button\"  data-sending-label=\"Sending\"\/><\/p><\/fieldset><\/form><div id=\"ajaxresponse_1\" class=\"ajaxresponse ajaxresponse_1 hidden\"><\/div><\/div><div  class='flex_column av-dhl99-504d791071087f86f847977005e1d843 av_one_fifth  avia-builder-el-19  el_after_av_three_fifth  avia-builder-el-last  flex_column_div  '     ><\/div>\n","protected":false},"excerpt":{"rendered":"","protected":false},"author":2,"featured_media":0,"parent":0,"menu_order":0,"comment_status":"open","ping_status":"closed","template":"","meta":{"footnotes":""},"class_list":["post-912","page","type-page","status-publish","hentry"],"_links":{"self":[{"href":"https:\/\/linnanjarvi.fi\/index.php?rest_route=\/wp\/v2\/pages\/912","targetHints":{"allow":["GET"]}}],"collection":[{"href":"https:\/\/linnanjarvi.fi\/index.php?rest_route=\/wp\/v2\/pages"}],"about":[{"href":"https:\/\/linnanjarvi.fi\/index.php?rest_route=\/wp\/v2\/types\/page"}],"author":[{"embeddable":true,"href":"https:\/\/linnanjarvi.fi\/index.php?rest_route=\/wp\/v2\/users\/2"}],"replies":[{"embeddable":true,"href":"https:\/\/linnanjarvi.fi\/index.php?rest_route=%2Fwp%2Fv2%2Fcomments&post=912"}],"version-history":[{"count":11,"href":"https:\/\/linnanjarvi.fi\/index.php?rest_route=\/wp\/v2\/pages\/912\/revisions"}],"predecessor-version":[{"id":1023,"href":"https:\/\/linnanjarvi.fi\/index.php?rest_route=\/wp\/v2\/pages\/912\/revisions\/1023"}],"wp:attachment":[{"href":"https:\/\/linnanjarvi.fi\/index.php?rest_route=%2Fwp%2Fv2%2Fmedia&parent=912"}],"curies":[{"name":"wp","href":"https:\/\/api.w.org\/{rel}","templated":true}]}}